{"id":9662,"date":"2020-11-28T09:41:37","date_gmt":"2020-11-28T09:41:37","guid":{"rendered":"https:\/\/jespernordal.dk\/?page_id=9662"},"modified":"2024-03-22T13:24:13","modified_gmt":"2024-03-22T13:24:13","slug":"english","status":"publish","type":"page","link":"https:\/\/jespernordal.dk\/en\/english\/","title":{"rendered":"English"},"content":{"rendered":"<div data-elementor-type=\"wp-page\" data-elementor-id=\"9662\" class=\"elementor elementor-9662\">\n\t\t\t\t\t\t<section class=\"elementor-section elementor-top-section elementor-element elementor-element-3b54951 elementor-section-boxed elementor-section-height-default elementor-section-height-default\" data-id=\"3b54951\" data-element_type=\"section\" data-settings=\"{&quot;background_background&quot;:&quot;classic&quot;}\">\n\t\t\t\t\t\t<div class=\"elementor-container elementor-column-gap-default\">\n\t\t\t\t\t<div class=\"elementor-column elementor-col-100 elementor-top-column elementor-element elementor-element-e4942e8\" data-id=\"e4942e8\" data-element_type=\"column\">\n\t\t\t<div class=\"elementor-widget-wrap elementor-element-populated\">\n\t\t\t\t\t\t<div class=\"elementor-element elementor-element-1d85578 elementor-widget elementor-widget-heading\" data-id=\"1d85578\" data-element_type=\"widget\" data-widget_type=\"heading.default\">\n\t\t\t\t<div class=\"elementor-widget-container\">\n\t\t\t\t\t<h2 class=\"elementor-heading-title elementor-size-default\">Jesper Nordal: guitarplayer, composer and musicteacher<\/h2>\t\t\t\t<\/div>\n\t\t\t\t<\/div>\n\t\t\t\t\t<\/div>\n\t\t<\/div>\n\t\t\t\t\t<\/div>\n\t\t<\/section>\n\t\t\t\t<section class=\"elementor-section elementor-top-section elementor-element elementor-element-184b989 elementor-section-boxed elementor-section-height-default elementor-section-height-default\" data-id=\"184b989\" data-element_type=\"section\" data-settings=\"{&quot;background_background&quot;:&quot;classic&quot;}\">\n\t\t\t\t\t\t<div class=\"elementor-container elementor-column-gap-default\">\n\t\t\t\t\t<div class=\"elementor-column elementor-col-100 elementor-top-column elementor-element elementor-element-bf8deec\" data-id=\"bf8deec\" data-element_type=\"column\">\n\t\t\t<div class=\"elementor-widget-wrap elementor-element-populated\">\n\t\t\t\t\t\t<div class=\"elementor-element elementor-element-fc3f9eb elementor-widget elementor-widget-image\" data-id=\"fc3f9eb\" data-element_type=\"widget\" data-widget_type=\"image.default\">\n\t\t\t\t<div class=\"elementor-widget-container\">\n\t\t\t\t\t\t\t\t\t\t\t\t\t\t\t<img fetchpriority=\"high\" decoding=\"async\" width=\"300\" height=\"265\" src=\"https:\/\/jespernordal.dk\/wp-content\/uploads\/2020\/06\/Portr\u00e6t-JN-kirke-1-300x265.jpg\" class=\"attachment-medium size-medium wp-image-555\" alt=\"\" srcset=\"https:\/\/jespernordal.dk\/wp-content\/uploads\/2020\/06\/Portr\u00e6t-JN-kirke-1-300x265.jpg 300w, https:\/\/jespernordal.dk\/wp-content\/uploads\/2020\/06\/Portr\u00e6t-JN-kirke-1-1024x903.jpg 1024w, https:\/\/jespernordal.dk\/wp-content\/uploads\/2020\/06\/Portr\u00e6t-JN-kirke-1-768x677.jpg 768w, https:\/\/jespernordal.dk\/wp-content\/uploads\/2020\/06\/Portr\u00e6t-JN-kirke-1.jpg 1430w\" sizes=\"(max-width: 300px) 100vw, 300px\" \/>\t\t\t\t\t\t\t\t\t\t\t\t\t\t\t<\/div>\n\t\t\t\t<\/div>\n\t\t\t\t\t<\/div>\n\t\t<\/div>\n\t\t\t\t\t<\/div>\n\t\t<\/section>\n\t\t\t\t<section class=\"elementor-section elementor-top-section elementor-element elementor-element-67349981 elementor-section-boxed elementor-section-height-default elementor-section-height-default\" data-id=\"67349981\" data-element_type=\"section\" data-settings=\"{&quot;background_background&quot;:&quot;classic&quot;}\">\n\t\t\t\t\t\t<div class=\"elementor-container elementor-column-gap-default\">\n\t\t\t\t\t<div class=\"elementor-column elementor-col-100 elementor-top-column elementor-element elementor-element-1964a31b\" data-id=\"1964a31b\" data-element_type=\"column\">\n\t\t\t<div class=\"elementor-widget-wrap elementor-element-populated\">\n\t\t\t\t\t\t<div class=\"elementor-element elementor-element-5f9ea80d elementor-widget elementor-widget-text-editor\" data-id=\"5f9ea80d\" data-element_type=\"widget\" data-widget_type=\"text-editor.default\">\n\t\t\t\t<div class=\"elementor-widget-container\">\n\t\t\t\t\t\t\t\t\t<p style=\"text-align: center;\">\u00a0<\/p><p><span style=\"font-family: arial, helvetica, sans-serif; font-size: 14pt; color: #ffffff;\">I am a danish guitarist, composer and musicteacher. Educated at Copenhagen Rhythmic Music Conservatory and Copenhagen University.<\/span><\/p><p><span style=\"font-family: arial, helvetica, sans-serif; font-size: 14pt; color: #ffffff;\">I have released several albums with my own band \u201dNordal Twang\u201d and with Hoegsbro\/Nordal 4. As a sideman, I have played, toured and recorded with a lot of danish and international artist, and I have composed and arranged music for theaters, musicals, commercials and TV\/radio.<\/span><\/p><p><span style=\"font-family: arial, helvetica, sans-serif; font-size: 14pt; color: #ffffff;\">I have performed, recorded and played with: <\/span><\/p><p><span style=\"font-size: 14pt; font-family: arial, helvetica, sans-serif; color: #ffffff;\">Danish Radio Bigband, Brian Blade, Fredrik Lundin, Juan Ospina, Sofia Ribeiro, Scott Coley, Marcelo Woloski, Tip Toe Big Band, Jens S\u00f8nderg\u00e5rd, Benjamin Koppel, Anders Koppel, the Orchestra, Anders Jormin, Hugo Rasmusen, Kjeld Lauritsen, Ivan Pedersen, Blake, Monique, Janne Mark, Henrik Gunde, L\u00e6derhalsene, Maria Kynne, Jesper Lundg\u00e5rd, Martin Loft, Jakob H\u00f8gsbro, Martin Gerup, Jesper Riis, Hans Ulrik, Halfdan E, Sanne Graulund, Debbie Cameroun, Lene Siel, Jette Torp, Anette Heick, Radioens Underholdningsorkester, Vox Humana,\u00a0 Richard Boone, Eva Madsen, Martin Brygmann, Marlene Mortensen, Danmarks Radio, Mads Vinding, Morten Trust, Tip Toe Bigband, Henrik Lauenbjerg, Basix, Selvsving, Kim Sj\u00f8gren, Det Nye Teater, Mamma Mia-the musical, Det Kgl Kapel, Sebastian, \u00d8stre Gasv\u00e6rk musicals and more.<\/span><\/p><p><span style=\"font-family: arial, helvetica, sans-serif; font-size: 14pt; color: #ffffff;\">My main musical style and inspiration is where rock meets jazz: big sounding guitar, energetic playing combined with free improvisation and intuitive band interplay.<\/span><\/p><p><span style=\"font-family: arial, helvetica, sans-serif; font-size: 14pt; color: #ffffff;\">As a guitarist I am influenced by Jimi Hendrix, Bill Frisell, John Scofield, Daniel Lanois and Ry Cooder.<\/span><\/p><p style=\"text-align: left;\"><span style=\"font-family: arial, helvetica, sans-serif; font-size: 14pt; color: #ffffff;\">New album with my band: Nordal Twang &#8211; South of the Border.<\/span><\/p><p style=\"text-align: left;\"><a href=\"https:\/\/jespernordal.dk\/wp-content\/uploads\/2020\/11\/Pressrelease-Nordal-Twang-South-of-the-Border.pdf\">Pressrelease-Nordal-Twang-South-of-the-Border<\/a><\/p><p style=\"text-align: left;\"><span style=\"font-family: arial, helvetica, sans-serif; font-size: 14pt; color: #ffffff;\">Buy it at:\u00a0<a style=\"color: #ffffff;\" href=\"http:\/\/www.pladekisten.dk\/plade.php?artist=5927&amp;artistNavn=Nordal+Twang\">\u00a0Pladekisten<\/a>\u00a0\u00a0<a style=\"color: #ffffff;\" href=\"https:\/\/itunes.apple.com\/us\/album\/south-of-the-border\/id891039185\">Itunes<\/a>, <a style=\"color: #ffffff;\" href=\"http:\/\/www.amazon.com\/South-border-Nordal-Twang\/dp\/B00L6JQFSU\">Amazon<\/a>\u00a0etc<\/span><\/p><p style=\"text-align: left;\"><span style=\"font-family: arial, helvetica, sans-serif; font-size: 14pt; color: #ffffff;\">Listen to:<\/span><\/p><p><!--[if lt IE 9]><script>document.createElement('audio');<\/script><![endif]-->\n\t<div class=\"wp-playlist wp-audio-playlist wp-playlist-light\">\n\t\t\t<div class=\"wp-playlist-current-item\"><\/div>\n\t\t<audio controls=\"controls\" preload=\"none\" width=\"640\"\n\t\t\t><\/audio>\n\t<div class=\"wp-playlist-next\"><\/div>\n\t<div class=\"wp-playlist-prev\"><\/div>\n\t<noscript>\n\t<ol>\n\t\t<li><a href='https:\/\/jespernordal.dk\/wp-content\/uploads\/2020\/06\/01-Blade-Running.m4a'>01 Blade Running<\/a><\/li><li><a href='https:\/\/jespernordal.dk\/wp-content\/uploads\/2020\/06\/02-South-of-the-Border.m4a'>02 South of the Border<\/a><\/li><li><a href='https:\/\/jespernordal.dk\/wp-content\/uploads\/2020\/06\/03-Sorrow-and-Joy.m4a'>03 Sorrow and Joy<\/a><\/li><li><a href='https:\/\/jespernordal.dk\/wp-content\/uploads\/2020\/06\/06-Why-and-When.mp3'>Why and When<\/a><\/li><li><a href='https:\/\/jespernordal.dk\/wp-content\/uploads\/2020\/06\/01-Intro.mp3'>Intro<\/a><\/li><li><a href='https:\/\/jespernordal.dk\/wp-content\/uploads\/2020\/06\/02-Blue.mp3'>Blue<\/a><\/li>\t<\/ol>\n\t<\/noscript>\n\t<script type=\"application\/json\" class=\"wp-playlist-script\">{\"type\":\"audio\",\"tracklist\":true,\"tracknumbers\":true,\"images\":true,\"artists\":true,\"tracks\":[{\"src\":\"https:\\\/\\\/jespernordal.dk\\\/wp-content\\\/uploads\\\/2020\\\/06\\\/01-Blade-Running.m4a\",\"type\":\"audio\\\/mpeg\",\"title\":\"01 Blade Running\",\"caption\":\"\",\"description\":\"\\\"01 Blade Running\\\".\",\"meta\":{\"length_formatted\":\"4:41\"},\"image\":{\"src\":\"https:\\\/\\\/jespernordal.dk\\\/wp-includes\\\/images\\\/media\\\/audio.svg\",\"width\":48,\"height\":64},\"thumb\":{\"src\":\"https:\\\/\\\/jespernordal.dk\\\/wp-includes\\\/images\\\/media\\\/audio.svg\",\"width\":48,\"height\":64}},{\"src\":\"https:\\\/\\\/jespernordal.dk\\\/wp-content\\\/uploads\\\/2020\\\/06\\\/02-South-of-the-Border.m4a\",\"type\":\"audio\\\/mpeg\",\"title\":\"02 South of the Border\",\"caption\":\"\",\"description\":\"\\\"02 South of the Border\\\".\",\"meta\":{\"length_formatted\":\"4:27\"},\"image\":{\"src\":\"https:\\\/\\\/jespernordal.dk\\\/wp-includes\\\/images\\\/media\\\/audio.svg\",\"width\":48,\"height\":64},\"thumb\":{\"src\":\"https:\\\/\\\/jespernordal.dk\\\/wp-includes\\\/images\\\/media\\\/audio.svg\",\"width\":48,\"height\":64}},{\"src\":\"https:\\\/\\\/jespernordal.dk\\\/wp-content\\\/uploads\\\/2020\\\/06\\\/03-Sorrow-and-Joy.m4a\",\"type\":\"audio\\\/mpeg\",\"title\":\"03 Sorrow and Joy\",\"caption\":\"\",\"description\":\"\\\"03 Sorrow and Joy\\\".\",\"meta\":{\"length_formatted\":\"6:38\"},\"image\":{\"src\":\"https:\\\/\\\/jespernordal.dk\\\/wp-includes\\\/images\\\/media\\\/audio.svg\",\"width\":48,\"height\":64},\"thumb\":{\"src\":\"https:\\\/\\\/jespernordal.dk\\\/wp-includes\\\/images\\\/media\\\/audio.svg\",\"width\":48,\"height\":64}},{\"src\":\"https:\\\/\\\/jespernordal.dk\\\/wp-content\\\/uploads\\\/2020\\\/06\\\/06-Why-and-When.mp3\",\"type\":\"audio\\\/mpeg\",\"title\":\"Why and When\",\"caption\":\"\",\"description\":\"\\\"Why and When\\\" fra Nordal Twang af Nordal Twang. Udgivet: 2007. Spornummer 6.\",\"meta\":{\"artist\":\"Nordal Twang\",\"album\":\"Nordal Twang\",\"year\":\"2007\",\"length_formatted\":\"4:16\"},\"image\":{\"src\":\"https:\\\/\\\/jespernordal.dk\\\/wp-includes\\\/images\\\/media\\\/audio.svg\",\"width\":48,\"height\":64},\"thumb\":{\"src\":\"https:\\\/\\\/jespernordal.dk\\\/wp-includes\\\/images\\\/media\\\/audio.svg\",\"width\":48,\"height\":64}},{\"src\":\"https:\\\/\\\/jespernordal.dk\\\/wp-content\\\/uploads\\\/2020\\\/06\\\/01-Intro.mp3\",\"type\":\"audio\\\/mpeg\",\"title\":\"Intro\",\"caption\":\"\",\"description\":\"\\\"Intro\\\" fra Nordal Twang af Nordal Twang. Udgivet: 2007. Spornummer 1.\",\"meta\":{\"artist\":\"Nordal Twang\",\"album\":\"Nordal Twang\",\"year\":\"2007\",\"length_formatted\":\"1:38\"},\"image\":{\"src\":\"https:\\\/\\\/jespernordal.dk\\\/wp-includes\\\/images\\\/media\\\/audio.svg\",\"width\":48,\"height\":64},\"thumb\":{\"src\":\"https:\\\/\\\/jespernordal.dk\\\/wp-includes\\\/images\\\/media\\\/audio.svg\",\"width\":48,\"height\":64}},{\"src\":\"https:\\\/\\\/jespernordal.dk\\\/wp-content\\\/uploads\\\/2020\\\/06\\\/02-Blue.mp3\",\"type\":\"audio\\\/mpeg\",\"title\":\"Blue\",\"caption\":\"\",\"description\":\"\\\"Blue\\\" fra Nordal Twang af Nordal Twang. Udgivet: 2007. Spornummer 2.\",\"meta\":{\"artist\":\"Nordal Twang\",\"album\":\"Nordal Twang\",\"year\":\"2007\",\"length_formatted\":\"5:26\"},\"image\":{\"src\":\"https:\\\/\\\/jespernordal.dk\\\/wp-includes\\\/images\\\/media\\\/audio.svg\",\"width\":48,\"height\":64},\"thumb\":{\"src\":\"https:\\\/\\\/jespernordal.dk\\\/wp-includes\\\/images\\\/media\\\/audio.svg\",\"width\":48,\"height\":64}}]}<\/script>\n<\/div>\n\t<\/p><p style=\"text-align: left;\"><span style=\"font-family: arial, helvetica, sans-serif; font-size: 14pt; color: #ffffff;\">Live perfomance:<\/span><\/p><p><iframe title=\"Sorrow and Joy   Nordal Twang\" width=\"500\" height=\"281\" src=\"https:\/\/www.youtube.com\/embed\/Dp-3DlGft7k?feature=oembed\" frameborder=\"0\" allow=\"accelerometer; autoplay; clipboard-write; encrypted-media; gyroscope; picture-in-picture; web-share\" referrerpolicy=\"strict-origin-when-cross-origin\" allowfullscreen><\/iframe><\/p><p><iframe title=\"April   Nordal Twang\" width=\"500\" height=\"281\" src=\"https:\/\/www.youtube.com\/embed\/IZwTqpzjWX4?feature=oembed\" frameborder=\"0\" allow=\"accelerometer; autoplay; clipboard-write; encrypted-media; gyroscope; picture-in-picture; web-share\" referrerpolicy=\"strict-origin-when-cross-origin\" allowfullscreen><\/iframe><\/p><p><iframe title=\"Waves   Nordal Twang\" width=\"500\" height=\"281\" src=\"https:\/\/www.youtube.com\/embed\/MPMsHMUG7YE?feature=oembed\" frameborder=\"0\" allow=\"accelerometer; autoplay; clipboard-write; encrypted-media; gyroscope; picture-in-picture; web-share\" referrerpolicy=\"strict-origin-when-cross-origin\" allowfullscreen><\/iframe><\/p><p><span style=\"font-family: arial, helvetica, sans-serif; font-size: 14pt; color: #ffffff;\">https:\/\/www.youtube.com\/watch?v=_9osHl7qArU<\/span><\/p><p style=\"text-align: left;\"><span style=\"font-family: arial, helvetica, sans-serif; font-size: 14pt; color: #ffffff;\">Our new site with exercises for the talented music student supported by the Danish Art Counsil:\u00a0<\/span><\/p><p style=\"text-align: left;\"><span style=\"font-family: arial, helvetica, sans-serif; font-size: 14pt; color: #ffffff;\"><a style=\"color: #ffffff;\" href=\"http:\/\/www.nordalbrothers.com\">www.nordalbrothers.<\/a>dk<\/span><\/p><p style=\"text-align: left;\"><span style=\"font-family: arial, helvetica, sans-serif; font-size: 14pt; color: #ffffff;\"><a style=\"color: #ffffff;\" href=\"https:\/\/jespernordal.dk\/en\/udgivelser\/\">Discography:<\/a><\/span><\/p><p style=\"text-align: left;\"><span style=\"font-family: arial, helvetica, sans-serif; font-size: 14pt; color: #ffffff;\"><a style=\"color: #ffffff;\" href=\"https:\/\/soundcloud.com\/jesper-nordal\">Soundcloud:<\/a><\/span><\/p>\t\t\t\t\t\t\t\t<\/div>\n\t\t\t\t<\/div>\n\t\t\t\t\t<\/div>\n\t\t<\/div>\n\t\t\t\t\t<\/div>\n\t\t<\/section>\n\t\t\t\t<\/div>","protected":false},"excerpt":{"rendered":"<p>Jesper Nordal: guitarplayer, composer and musicteacher \u00a0 I am a danish guitarist, composer and musicteacher. Educated at Copenhagen Rhythmic Music Conservatory and Copenhagen University. I have released several albums with my own band \u201dNordal Twang\u201d and with Hoegsbro\/Nordal 4. As a sideman, I have played, toured and recorded with a lot of danish and international [&hellip;]<\/p>","protected":false},"author":1,"featured_media":0,"parent":0,"menu_order":0,"comment_status":"closed","ping_status":"closed","template":"","meta":{"site-sidebar-layout":"no-sidebar","site-content-layout":"page-builder","ast-site-content-layout":"default","site-content-style":"default","site-sidebar-style":"default","ast-global-header-display":"","ast-banner-title-visibility":"","ast-main-header-display":"","ast-hfb-above-header-display":"","ast-hfb-below-header-display":"","ast-hfb-mobile-header-display":"","site-post-title":"disabled","ast-breadcrumbs-content":"","ast-featured-img":"disabled","footer-sml-layout":"","theme-transparent-header-meta":"default","adv-header-id-meta":"","stick-header-meta":"","header-above-stick-meta":"","header-main-stick-meta":"","header-below-stick-meta":"","astra-migrate-meta-layouts":"default","ast-page-background-enabled":"default","ast-page-background-meta":{"desktop":{"background-color":"","background-image":"","background-repeat":"repeat","background-position":"center center","background-size":"auto","background-attachment":"scroll","background-type":"","background-media":"","overlay-type":"","overlay-color":"","overlay-opacity":"","overlay-gradient":""},"tablet":{"background-color":"","background-image":"","background-repeat":"repeat","background-position":"center center","background-size":"auto","background-attachment":"scroll","background-type":"","background-media":"","overlay-type":"","overlay-color":"","overlay-opacity":"","overlay-gradient":""},"mobile":{"background-color":"","background-image":"","background-repeat":"repeat","background-position":"center center","background-size":"auto","background-attachment":"scroll","background-type":"","background-media":"","overlay-type":"","overlay-color":"","overlay-opacity":"","overlay-gradient":""}},"ast-content-background-meta":{"desktop":{"background-color":"var(--ast-global-color-5)","background-image":"","background-repeat":"repeat","background-position":"center center","background-size":"auto","background-attachment":"scroll","background-type":"","background-media":"","overlay-type":"","overlay-color":"","overlay-opacity":"","overlay-gradient":""},"tablet":{"background-color":"var(--ast-global-color-5)","background-image":"","background-repeat":"repeat","background-position":"center center","background-size":"auto","background-attachment":"scroll","background-type":"","background-media":"","overlay-type":"","overlay-color":"","overlay-opacity":"","overlay-gradient":""},"mobile":{"background-color":"var(--ast-global-color-5)","background-image":"","background-repeat":"repeat","background-position":"center center","background-size":"auto","background-attachment":"scroll","background-type":"","background-media":"","overlay-type":"","overlay-color":"","overlay-opacity":"","overlay-gradient":""}},"footnotes":""},"class_list":["post-9662","page","type-page","status-publish","hentry"],"_links":{"self":[{"href":"https:\/\/jespernordal.dk\/en\/wp-json\/wp\/v2\/pages\/9662","targetHints":{"allow":["GET"]}}],"collection":[{"href":"https:\/\/jespernordal.dk\/en\/wp-json\/wp\/v2\/pages"}],"about":[{"href":"https:\/\/jespernordal.dk\/en\/wp-json\/wp\/v2\/types\/page"}],"author":[{"embeddable":true,"href":"https:\/\/jespernordal.dk\/en\/wp-json\/wp\/v2\/users\/1"}],"replies":[{"embeddable":true,"href":"https:\/\/jespernordal.dk\/en\/wp-json\/wp\/v2\/comments?post=9662"}],"version-history":[{"count":38,"href":"https:\/\/jespernordal.dk\/en\/wp-json\/wp\/v2\/pages\/9662\/revisions"}],"predecessor-version":[{"id":12356,"href":"https:\/\/jespernordal.dk\/en\/wp-json\/wp\/v2\/pages\/9662\/revisions\/12356"}],"wp:attachment":[{"href":"https:\/\/jespernordal.dk\/en\/wp-json\/wp\/v2\/media?parent=9662"}],"curies":[{"name":"wp","href":"https:\/\/api.w.org\/{rel}","templated":true}]}}