{"id":9648,"date":"2020-11-28T09:30:44","date_gmt":"2020-11-28T09:30:44","guid":{"rendered":"https:\/\/jespernordal.dk\/?page_id=9648"},"modified":"2021-04-28T14:09:41","modified_gmt":"2021-04-28T14:09:41","slug":"musik","status":"publish","type":"page","link":"https:\/\/jespernordal.dk\/en\/musik\/","title":{"rendered":"Music"},"content":{"rendered":"<div data-elementor-type=\"wp-page\" data-elementor-id=\"9648\" class=\"elementor elementor-9648\">\n\t\t\t\t\t\t<section class=\"elementor-section elementor-top-section elementor-element elementor-element-1f26e853 elementor-section-boxed elementor-section-height-default elementor-section-height-default\" data-id=\"1f26e853\" data-element_type=\"section\" data-settings=\"{&quot;background_background&quot;:&quot;classic&quot;}\">\n\t\t\t\t\t\t<div class=\"elementor-container elementor-column-gap-default\">\n\t\t\t\t\t<div class=\"elementor-column elementor-col-100 elementor-top-column elementor-element elementor-element-5d1ec585\" data-id=\"5d1ec585\" data-element_type=\"column\">\n\t\t\t<div class=\"elementor-widget-wrap elementor-element-populated\">\n\t\t\t\t\t\t<div class=\"elementor-element elementor-element-3586f3d4 elementor-widget elementor-widget-spacer\" data-id=\"3586f3d4\" data-element_type=\"widget\" data-widget_type=\"spacer.default\">\n\t\t\t\t<div class=\"elementor-widget-container\">\n\t\t\t\t\t\t\t<div class=\"elementor-spacer\">\n\t\t\t<div class=\"elementor-spacer-inner\"><\/div>\n\t\t<\/div>\n\t\t\t\t\t\t<\/div>\n\t\t\t\t<\/div>\n\t\t\t\t\t<\/div>\n\t\t<\/div>\n\t\t\t\t\t<\/div>\n\t\t<\/section>\n\t\t\t\t<section class=\"elementor-section elementor-top-section elementor-element elementor-element-5095c0e3 elementor-section-stretched elementor-section-boxed elementor-section-height-default elementor-section-height-default\" data-id=\"5095c0e3\" data-element_type=\"section\" data-settings=\"{&quot;stretch_section&quot;:&quot;section-stretched&quot;,&quot;background_background&quot;:&quot;classic&quot;}\">\n\t\t\t\t\t\t<div class=\"elementor-container elementor-column-gap-default\">\n\t\t\t\t\t<div class=\"elementor-column elementor-col-100 elementor-top-column elementor-element elementor-element-13cde5fc\" data-id=\"13cde5fc\" data-element_type=\"column\">\n\t\t\t<div class=\"elementor-widget-wrap elementor-element-populated\">\n\t\t\t\t\t\t<div class=\"elementor-element elementor-element-43adac7e elementor-widget elementor-widget-text-editor\" data-id=\"43adac7e\" data-element_type=\"widget\" data-widget_type=\"text-editor.default\">\n\t\t\t\t<div class=\"elementor-widget-container\">\n\t\t\t\t\t\t\t\t\t<p><span style=\"color: #ffffff; font-size: 14pt; font-family: verdana, geneva;\">In my studio I record guitar and produces music for records, jingles, commercials and TV. Below you can hear some examples of some of the stuff I have made:\u00a0<\/span><\/p><p><span style=\"color: #ffffff; font-size: 14pt; font-family: verdana, geneva;\">I have worked with: Dong, Kuffert Film, DR, Metronome, TV3, Hagner Film, Jakob H\u00f8gsbro, Dansk H\u00e5ndbold Forbund, M\u00e6rsk, Cafe Liva and more....<\/span><\/p>\t\t\t\t\t\t\t\t<\/div>\n\t\t\t\t<\/div>\n\t\t\t\t\t<\/div>\n\t\t<\/div>\n\t\t\t\t\t<\/div>\n\t\t<\/section>\n\t\t\t\t<section class=\"elementor-section elementor-top-section elementor-element elementor-element-7ab1334a elementor-section-boxed elementor-section-height-default elementor-section-height-default\" data-id=\"7ab1334a\" data-element_type=\"section\" data-settings=\"{&quot;background_background&quot;:&quot;classic&quot;}\">\n\t\t\t\t\t\t<div class=\"elementor-container elementor-column-gap-default\">\n\t\t\t\t\t<div class=\"elementor-column elementor-col-100 elementor-top-column elementor-element elementor-element-1d4b5f7a\" data-id=\"1d4b5f7a\" data-element_type=\"column\">\n\t\t\t<div class=\"elementor-widget-wrap elementor-element-populated\">\n\t\t\t\t\t\t<div class=\"elementor-element elementor-element-296b3277 elementor-widget elementor-widget-image\" data-id=\"296b3277\" data-element_type=\"widget\" data-widget_type=\"image.default\">\n\t\t\t\t<div class=\"elementor-widget-container\">\n\t\t\t\t\t\t\t\t\t\t\t\t\t\t\t<img fetchpriority=\"high\" decoding=\"async\" width=\"300\" height=\"604\" src=\"https:\/\/jespernordal.dk\/wp-content\/uploads\/2020\/11\/Art-1.jpg\" class=\"attachment-large size-large wp-image-9644\" alt=\"\" srcset=\"https:\/\/jespernordal.dk\/wp-content\/uploads\/2020\/11\/Art-1.jpg 300w, https:\/\/jespernordal.dk\/wp-content\/uploads\/2020\/11\/Art-1-149x300.jpg 149w, https:\/\/jespernordal.dk\/wp-content\/uploads\/2020\/11\/Art-1-6x12.jpg 6w\" sizes=\"(max-width: 300px) 100vw, 300px\" \/>\t\t\t\t\t\t\t\t\t\t\t\t\t\t\t<\/div>\n\t\t\t\t<\/div>\n\t\t\t\t\t<\/div>\n\t\t<\/div>\n\t\t\t\t\t<\/div>\n\t\t<\/section>\n\t\t\t\t<section class=\"elementor-section elementor-top-section elementor-element elementor-element-48ac6e47 elementor-section-boxed elementor-section-height-default elementor-section-height-default\" data-id=\"48ac6e47\" data-element_type=\"section\" data-settings=\"{&quot;background_background&quot;:&quot;classic&quot;}\">\n\t\t\t\t\t\t<div class=\"elementor-container elementor-column-gap-default\">\n\t\t\t\t\t<div class=\"elementor-column elementor-col-100 elementor-top-column elementor-element elementor-element-17f0eb04\" data-id=\"17f0eb04\" data-element_type=\"column\">\n\t\t\t<div class=\"elementor-widget-wrap elementor-element-populated\">\n\t\t\t\t\t\t<div class=\"elementor-element elementor-element-7ebba2b0 elementor-widget elementor-widget-spacer\" data-id=\"7ebba2b0\" data-element_type=\"widget\" data-widget_type=\"spacer.default\">\n\t\t\t\t<div class=\"elementor-widget-container\">\n\t\t\t\t\t\t\t<div class=\"elementor-spacer\">\n\t\t\t<div class=\"elementor-spacer-inner\"><\/div>\n\t\t<\/div>\n\t\t\t\t\t\t<\/div>\n\t\t\t\t<\/div>\n\t\t\t\t\t<\/div>\n\t\t<\/div>\n\t\t\t\t\t<\/div>\n\t\t<\/section>\n\t\t\t\t<section class=\"elementor-section elementor-top-section elementor-element elementor-element-3c48b6ee elementor-section-boxed elementor-section-height-default elementor-section-height-default\" data-id=\"3c48b6ee\" data-element_type=\"section\" data-settings=\"{&quot;background_background&quot;:&quot;classic&quot;}\">\n\t\t\t\t\t\t<div class=\"elementor-container elementor-column-gap-default\">\n\t\t\t\t\t<div class=\"elementor-column elementor-col-100 elementor-top-column elementor-element elementor-element-3d68618c\" data-id=\"3d68618c\" data-element_type=\"column\">\n\t\t\t<div class=\"elementor-widget-wrap elementor-element-populated\">\n\t\t\t\t\t\t<div class=\"elementor-element elementor-element-61802743 elementor-widget elementor-widget-text-editor\" data-id=\"61802743\" data-element_type=\"widget\" data-widget_type=\"text-editor.default\">\n\t\t\t\t<div class=\"elementor-widget-container\">\n\t\t\t\t\t\t\t\t\t<p><span style=\"font-family: verdana, geneva; font-size: 14pt; color: #ffffff;\">The creation of the music is always a teamwork with the customer: It\u00b4s a creative process where we are collaborating on finding the perfect expression and result.<\/span><\/p>\t\t\t\t\t\t\t\t<\/div>\n\t\t\t\t<\/div>\n\t\t\t\t\t<\/div>\n\t\t<\/div>\n\t\t\t\t\t<\/div>\n\t\t<\/section>\n\t\t\t\t<section class=\"elementor-section elementor-top-section elementor-element elementor-element-309cdbe elementor-section-boxed elementor-section-height-default elementor-section-height-default\" data-id=\"309cdbe\" data-element_type=\"section\" data-settings=\"{&quot;background_background&quot;:&quot;classic&quot;}\">\n\t\t\t\t\t\t<div class=\"elementor-container elementor-column-gap-default\">\n\t\t\t\t\t<div class=\"elementor-column elementor-col-100 elementor-top-column elementor-element elementor-element-5f782ab8\" data-id=\"5f782ab8\" data-element_type=\"column\">\n\t\t\t<div class=\"elementor-widget-wrap elementor-element-populated\">\n\t\t\t\t\t\t<div class=\"elementor-element elementor-element-6d27b907 elementor-widget elementor-widget-spacer\" data-id=\"6d27b907\" data-element_type=\"widget\" data-widget_type=\"spacer.default\">\n\t\t\t\t<div class=\"elementor-widget-container\">\n\t\t\t\t\t\t\t<div class=\"elementor-spacer\">\n\t\t\t<div class=\"elementor-spacer-inner\"><\/div>\n\t\t<\/div>\n\t\t\t\t\t\t<\/div>\n\t\t\t\t<\/div>\n\t\t\t\t\t<\/div>\n\t\t<\/div>\n\t\t\t\t\t<\/div>\n\t\t<\/section>\n\t\t\t\t<section class=\"elementor-section elementor-top-section elementor-element elementor-element-68b5ad8a elementor-section-boxed elementor-section-height-default elementor-section-height-default\" data-id=\"68b5ad8a\" data-element_type=\"section\" data-settings=\"{&quot;background_background&quot;:&quot;classic&quot;}\">\n\t\t\t\t\t\t<div class=\"elementor-container elementor-column-gap-default\">\n\t\t\t\t\t<div class=\"elementor-column elementor-col-100 elementor-top-column elementor-element elementor-element-30a01afa\" data-id=\"30a01afa\" data-element_type=\"column\">\n\t\t\t<div class=\"elementor-widget-wrap elementor-element-populated\">\n\t\t\t\t\t\t<div class=\"elementor-element elementor-element-20b6a64e elementor-widget elementor-widget-text-editor\" data-id=\"20b6a64e\" data-element_type=\"widget\" data-widget_type=\"text-editor.default\">\n\t\t\t\t<div class=\"elementor-widget-container\">\n\t\t\t\t\t\t\t\t\t<p><!--[if lt IE 9]><script>document.createElement('audio');<\/script><![endif]-->\n\t<div class=\"wp-playlist wp-audio-playlist wp-playlist-light\">\n\t\t\t<div class=\"wp-playlist-current-item\"><\/div>\n\t\t<audio controls=\"controls\" preload=\"none\" width=\"640\"\n\t\t\t><\/audio>\n\t<div class=\"wp-playlist-next\"><\/div>\n\t<div class=\"wp-playlist-prev\"><\/div>\n\t<noscript>\n\t<ol>\n\t\t<li><a href='https:\/\/jespernordal.dk\/wp-content\/uploads\/2020\/06\/Ambient-inspiration.mp3'>Ambient<\/a><\/li><li><a href='https:\/\/jespernordal.dk\/wp-content\/uploads\/2020\/06\/Stemning-inspiration.mp3'>Mood<\/a><\/li><li><a href='https:\/\/jespernordal.dk\/wp-content\/uploads\/2020\/06\/Soul-inspiration.mp3'>Soul<\/a><\/li><li><a href='https:\/\/jespernordal.dk\/wp-content\/uploads\/2020\/06\/Run-Like-inspiration.mp3'>Rock<\/a><\/li><li><a href='https:\/\/jespernordal.dk\/wp-content\/uploads\/2020\/06\/Reaggae-inspiration.mp3'>Dark<\/a><\/li><li><a href='https:\/\/jespernordal.dk\/wp-content\/uploads\/2020\/06\/Lys-inspiration.mp3'>Bright<\/a><\/li><li><a href='https:\/\/jespernordal.dk\/wp-content\/uploads\/2020\/06\/Industrial-inspiration.mp3'>Industrial<\/a><\/li><li><a href='https:\/\/jespernordal.dk\/wp-content\/uploads\/2020\/06\/Jul-inspiration.mp3'>Jul<\/a><\/li><li><a href='https:\/\/jespernordal.dk\/wp-content\/uploads\/2020\/06\/Classic-inspiration.mp3'>Symphonic<\/a><\/li><li><a href='https:\/\/jespernordal.dk\/wp-content\/uploads\/2020\/06\/Blue-inspiration.mp3'>Blues<\/a><\/li>\t<\/ol>\n\t<\/noscript>\n\t<script type=\"application\/json\" class=\"wp-playlist-script\">{\"type\":\"audio\",\"tracklist\":true,\"tracknumbers\":true,\"images\":false,\"artists\":false,\"tracks\":[{\"src\":\"https:\\\/\\\/jespernordal.dk\\\/wp-content\\\/uploads\\\/2020\\\/06\\\/Ambient-inspiration.mp3\",\"type\":\"audio\\\/mpeg\",\"title\":\"Ambient\",\"caption\":\"\",\"description\":\"\\\"Ambient-inspiration\\\".\",\"meta\":{\"length_formatted\":\"0:52\"},\"image\":{\"src\":\"https:\\\/\\\/jespernordal.dk\\\/wp-includes\\\/images\\\/media\\\/audio.svg\",\"width\":48,\"height\":64},\"thumb\":{\"src\":\"https:\\\/\\\/jespernordal.dk\\\/wp-includes\\\/images\\\/media\\\/audio.svg\",\"width\":48,\"height\":64}},{\"src\":\"https:\\\/\\\/jespernordal.dk\\\/wp-content\\\/uploads\\\/2020\\\/06\\\/Stemning-inspiration.mp3\",\"type\":\"audio\\\/mpeg\",\"title\":\"Mood\",\"caption\":\"\",\"description\":\"\\\"Stemning-inspiration\\\".\",\"meta\":{\"length_formatted\":\"1:38\"},\"image\":{\"src\":\"https:\\\/\\\/jespernordal.dk\\\/wp-includes\\\/images\\\/media\\\/audio.svg\",\"width\":48,\"height\":64},\"thumb\":{\"src\":\"https:\\\/\\\/jespernordal.dk\\\/wp-includes\\\/images\\\/media\\\/audio.svg\",\"width\":48,\"height\":64}},{\"src\":\"https:\\\/\\\/jespernordal.dk\\\/wp-content\\\/uploads\\\/2020\\\/06\\\/Soul-inspiration.mp3\",\"type\":\"audio\\\/mpeg\",\"title\":\"Soul\",\"caption\":\"\",\"description\":\"\\\"Soul-inspiration\\\".\",\"meta\":{\"length_formatted\":\"1:48\"},\"image\":{\"src\":\"https:\\\/\\\/jespernordal.dk\\\/wp-includes\\\/images\\\/media\\\/audio.svg\",\"width\":48,\"height\":64},\"thumb\":{\"src\":\"https:\\\/\\\/jespernordal.dk\\\/wp-includes\\\/images\\\/media\\\/audio.svg\",\"width\":48,\"height\":64}},{\"src\":\"https:\\\/\\\/jespernordal.dk\\\/wp-content\\\/uploads\\\/2020\\\/06\\\/Run-Like-inspiration.mp3\",\"type\":\"audio\\\/mpeg\",\"title\":\"Rock\",\"caption\":\"\",\"description\":\"\\\"Run-Like-inspiration\\\".\",\"meta\":{\"length_formatted\":\"1:04\"},\"image\":{\"src\":\"https:\\\/\\\/jespernordal.dk\\\/wp-includes\\\/images\\\/media\\\/audio.svg\",\"width\":48,\"height\":64},\"thumb\":{\"src\":\"https:\\\/\\\/jespernordal.dk\\\/wp-includes\\\/images\\\/media\\\/audio.svg\",\"width\":48,\"height\":64}},{\"src\":\"https:\\\/\\\/jespernordal.dk\\\/wp-content\\\/uploads\\\/2020\\\/06\\\/Reaggae-inspiration.mp3\",\"type\":\"audio\\\/mpeg\",\"title\":\"Dark\",\"caption\":\"\",\"description\":\"\\\"Reaggae-inspiration\\\".\",\"meta\":{\"length_formatted\":\"1:48\"},\"image\":{\"src\":\"https:\\\/\\\/jespernordal.dk\\\/wp-includes\\\/images\\\/media\\\/audio.svg\",\"width\":48,\"height\":64},\"thumb\":{\"src\":\"https:\\\/\\\/jespernordal.dk\\\/wp-includes\\\/images\\\/media\\\/audio.svg\",\"width\":48,\"height\":64}},{\"src\":\"https:\\\/\\\/jespernordal.dk\\\/wp-content\\\/uploads\\\/2020\\\/06\\\/Lys-inspiration.mp3\",\"type\":\"audio\\\/mpeg\",\"title\":\"Bright\",\"caption\":\"\",\"description\":\"\\\"Lys-inspiration\\\".\",\"meta\":{\"length_formatted\":\"1:00\"},\"image\":{\"src\":\"https:\\\/\\\/jespernordal.dk\\\/wp-includes\\\/images\\\/media\\\/audio.svg\",\"width\":48,\"height\":64},\"thumb\":{\"src\":\"https:\\\/\\\/jespernordal.dk\\\/wp-includes\\\/images\\\/media\\\/audio.svg\",\"width\":48,\"height\":64}},{\"src\":\"https:\\\/\\\/jespernordal.dk\\\/wp-content\\\/uploads\\\/2020\\\/06\\\/Industrial-inspiration.mp3\",\"type\":\"audio\\\/mpeg\",\"title\":\"Industrial\",\"caption\":\"\",\"description\":\"\\\"Industrial-inspiration\\\".\",\"meta\":{\"length_formatted\":\"1:23\"},\"image\":{\"src\":\"https:\\\/\\\/jespernordal.dk\\\/wp-includes\\\/images\\\/media\\\/audio.svg\",\"width\":48,\"height\":64},\"thumb\":{\"src\":\"https:\\\/\\\/jespernordal.dk\\\/wp-includes\\\/images\\\/media\\\/audio.svg\",\"width\":48,\"height\":64}},{\"src\":\"https:\\\/\\\/jespernordal.dk\\\/wp-content\\\/uploads\\\/2020\\\/06\\\/Jul-inspiration.mp3\",\"type\":\"audio\\\/mpeg\",\"title\":\"Jul\",\"caption\":\"\",\"description\":\"\\\"Jul-inspiration\\\".\",\"meta\":{\"length_formatted\":\"1:05\"},\"image\":{\"src\":\"https:\\\/\\\/jespernordal.dk\\\/wp-includes\\\/images\\\/media\\\/audio.svg\",\"width\":48,\"height\":64},\"thumb\":{\"src\":\"https:\\\/\\\/jespernordal.dk\\\/wp-includes\\\/images\\\/media\\\/audio.svg\",\"width\":48,\"height\":64}},{\"src\":\"https:\\\/\\\/jespernordal.dk\\\/wp-content\\\/uploads\\\/2020\\\/06\\\/Classic-inspiration.mp3\",\"type\":\"audio\\\/mpeg\",\"title\":\"Symphonic\",\"caption\":\"\",\"description\":\"\\\"Classic-inspiration\\\".\",\"meta\":{\"length_formatted\":\"0:32\"},\"image\":{\"src\":\"https:\\\/\\\/jespernordal.dk\\\/wp-includes\\\/images\\\/media\\\/audio.svg\",\"width\":48,\"height\":64},\"thumb\":{\"src\":\"https:\\\/\\\/jespernordal.dk\\\/wp-includes\\\/images\\\/media\\\/audio.svg\",\"width\":48,\"height\":64}},{\"src\":\"https:\\\/\\\/jespernordal.dk\\\/wp-content\\\/uploads\\\/2020\\\/06\\\/Blue-inspiration.mp3\",\"type\":\"audio\\\/mpeg\",\"title\":\"Blues\",\"caption\":\"\",\"description\":\"\\\"Blue-inspiration\\\".\",\"meta\":{\"length_formatted\":\"1:38\"},\"image\":{\"src\":\"https:\\\/\\\/jespernordal.dk\\\/wp-includes\\\/images\\\/media\\\/audio.svg\",\"width\":48,\"height\":64},\"thumb\":{\"src\":\"https:\\\/\\\/jespernordal.dk\\\/wp-includes\\\/images\\\/media\\\/audio.svg\",\"width\":48,\"height\":64}}]}<\/script>\n<\/div>\n\t<\/p>\t\t\t\t\t\t\t\t<\/div>\n\t\t\t\t<\/div>\n\t\t\t\t\t<\/div>\n\t\t<\/div>\n\t\t\t\t\t<\/div>\n\t\t<\/section>\n\t\t\t\t<\/div>","protected":false},"excerpt":{"rendered":"<p>I mit lille studie laver jeg guitaroptagelser og producerer musik til plader, jingler, reklamer og tv\/film. Herunder kan du h\u00f8re eksempler p\u00e5 noget af det jeg har lavet.\u00a0 Mine samarbejdspartnere er bla: Dong, Kuffert Film, DR, Metronome, TV3, Hagner Film, Jakob H\u00f8gsbro, Dansk H\u00e5ndbold Forbund, M\u00e6rsk, Cafe Liva mfl&#8230;.. Skabelsen af musikken sker altid i [&hellip;]<\/p>","protected":false},"author":1,"featured_media":0,"parent":0,"menu_order":0,"comment_status":"closed","ping_status":"closed","template":"","meta":{"site-sidebar-layout":"no-sidebar","site-content-layout":"page-builder","ast-site-content-layout":"default","site-content-style":"default","site-sidebar-style":"default","ast-global-header-display":"","ast-banner-title-visibility":"","ast-main-header-display":"","ast-hfb-above-header-display":"","ast-hfb-below-header-display":"","ast-hfb-mobile-header-display":"","site-post-title":"disabled","ast-breadcrumbs-content":"","ast-featured-img":"disabled","footer-sml-layout":"","theme-transparent-header-meta":"default","adv-header-id-meta":"","stick-header-meta":"","header-above-stick-meta":"","header-main-stick-meta":"","header-below-stick-meta":"","astra-migrate-meta-layouts":"default","ast-page-background-enabled":"default","ast-page-background-meta":{"desktop":{"background-color":"","background-image":"","background-repeat":"repeat","background-position":"center center","background-size":"auto","background-attachment":"scroll","background-type":"","background-media":"","overlay-type":"","overlay-color":"","overlay-opacity":"","overlay-gradient":""},"tablet":{"background-color":"","background-image":"","background-repeat":"repeat","background-position":"center center","background-size":"auto","background-attachment":"scroll","background-type":"","background-media":"","overlay-type":"","overlay-color":"","overlay-opacity":"","overlay-gradient":""},"mobile":{"background-color":"","background-image":"","background-repeat":"repeat","background-position":"center center","background-size":"auto","background-attachment":"scroll","background-type":"","background-media":"","overlay-type":"","overlay-color":"","overlay-opacity":"","overlay-gradient":""}},"ast-content-background-meta":{"desktop":{"background-color":"var(--ast-global-color-5)","background-image":"","background-repeat":"repeat","background-position":"center center","background-size":"auto","background-attachment":"scroll","background-type":"","background-media":"","overlay-type":"","overlay-color":"","overlay-opacity":"","overlay-gradient":""},"tablet":{"background-color":"var(--ast-global-color-5)","background-image":"","background-repeat":"repeat","background-position":"center center","background-size":"auto","background-attachment":"scroll","background-type":"","background-media":"","overlay-type":"","overlay-color":"","overlay-opacity":"","overlay-gradient":""},"mobile":{"background-color":"var(--ast-global-color-5)","background-image":"","background-repeat":"repeat","background-position":"center center","background-size":"auto","background-attachment":"scroll","background-type":"","background-media":"","overlay-type":"","overlay-color":"","overlay-opacity":"","overlay-gradient":""}},"footnotes":""},"class_list":["post-9648","page","type-page","status-publish","hentry"],"_links":{"self":[{"href":"https:\/\/jespernordal.dk\/en\/wp-json\/wp\/v2\/pages\/9648","targetHints":{"allow":["GET"]}}],"collection":[{"href":"https:\/\/jespernordal.dk\/en\/wp-json\/wp\/v2\/pages"}],"about":[{"href":"https:\/\/jespernordal.dk\/en\/wp-json\/wp\/v2\/types\/page"}],"author":[{"embeddable":true,"href":"https:\/\/jespernordal.dk\/en\/wp-json\/wp\/v2\/users\/1"}],"replies":[{"embeddable":true,"href":"https:\/\/jespernordal.dk\/en\/wp-json\/wp\/v2\/comments?post=9648"}],"version-history":[{"count":23,"href":"https:\/\/jespernordal.dk\/en\/wp-json\/wp\/v2\/pages\/9648\/revisions"}],"predecessor-version":[{"id":10402,"href":"https:\/\/jespernordal.dk\/en\/wp-json\/wp\/v2\/pages\/9648\/revisions\/10402"}],"wp:attachment":[{"href":"https:\/\/jespernordal.dk\/en\/wp-json\/wp\/v2\/media?parent=9648"}],"curies":[{"name":"wp","href":"https:\/\/api.w.org\/{rel}","templated":true}]}}