{"id":11120,"date":"2021-09-15T09:01:20","date_gmt":"2021-09-15T09:01:20","guid":{"rendered":"https:\/\/jespernordal.dk\/?page_id=11120"},"modified":"2021-09-15T11:49:52","modified_gmt":"2021-09-15T11:49:52","slug":"nodelaesning","status":"publish","type":"page","link":"https:\/\/jespernordal.dk\/en\/nodelaesning\/","title":{"rendered":"Nodel\u00e6sning"},"content":{"rendered":"<div data-elementor-type=\"wp-page\" data-elementor-id=\"11120\" class=\"elementor elementor-11120\">\n\t\t\t\t\t\t<section class=\"elementor-section elementor-top-section elementor-element elementor-element-30076cd elementor-section-boxed elementor-section-height-default elementor-section-height-default\" data-id=\"30076cd\" data-element_type=\"section\">\n\t\t\t\t\t\t<div class=\"elementor-container elementor-column-gap-default\">\n\t\t\t\t\t<div class=\"elementor-column elementor-col-100 elementor-top-column elementor-element elementor-element-57f6804\" data-id=\"57f6804\" data-element_type=\"column\">\n\t\t\t<div class=\"elementor-widget-wrap elementor-element-populated\">\n\t\t\t\t\t\t<div class=\"elementor-element elementor-element-22685e8 elementor-widget elementor-widget-heading\" data-id=\"22685e8\" data-element_type=\"widget\" data-widget_type=\"heading.default\">\n\t\t\t\t<div class=\"elementor-widget-container\">\n\t\t\t\t\t<h2 class=\"elementor-heading-title elementor-size-default\">Nodel\u00e6sning<\/h2>\t\t\t\t<\/div>\n\t\t\t\t<\/div>\n\t\t\t\t\t<\/div>\n\t\t<\/div>\n\t\t\t\t\t<\/div>\n\t\t<\/section>\n\t\t\t\t<section class=\"elementor-section elementor-top-section elementor-element elementor-element-366fc88 elementor-section-boxed elementor-section-height-default elementor-section-height-default\" data-id=\"366fc88\" data-element_type=\"section\">\n\t\t\t\t\t\t<div class=\"elementor-container elementor-column-gap-default\">\n\t\t\t\t\t<div class=\"elementor-column elementor-col-100 elementor-top-column elementor-element elementor-element-75eb08c\" data-id=\"75eb08c\" data-element_type=\"column\">\n\t\t\t<div class=\"elementor-widget-wrap elementor-element-populated\">\n\t\t\t\t\t\t<div class=\"elementor-element elementor-element-45bd5e0 elementor-widget elementor-widget-image\" data-id=\"45bd5e0\" data-element_type=\"widget\" data-widget_type=\"image.default\">\n\t\t\t\t<div class=\"elementor-widget-container\">\n\t\t\t\t\t\t\t\t\t\t\t\t\t\t\t<img fetchpriority=\"high\" decoding=\"async\" width=\"448\" height=\"275\" src=\"https:\/\/jespernordal.dk\/wp-content\/uploads\/2021\/09\/M-J-Live.jpg\" class=\"attachment-large size-large wp-image-11122\" alt=\"\" srcset=\"https:\/\/jespernordal.dk\/wp-content\/uploads\/2021\/09\/M-J-Live.jpg 448w, https:\/\/jespernordal.dk\/wp-content\/uploads\/2021\/09\/M-J-Live-300x184.jpg 300w, https:\/\/jespernordal.dk\/wp-content\/uploads\/2021\/09\/M-J-Live-18x12.jpg 18w\" sizes=\"(max-width: 448px) 100vw, 448px\" \/>\t\t\t\t\t\t\t\t\t\t\t\t\t\t\t<\/div>\n\t\t\t\t<\/div>\n\t\t\t\t\t<\/div>\n\t\t<\/div>\n\t\t\t\t\t<\/div>\n\t\t<\/section>\n\t\t\t\t<section class=\"elementor-section elementor-top-section elementor-element elementor-element-27faea0 elementor-section-boxed elementor-section-height-default elementor-section-height-default\" data-id=\"27faea0\" data-element_type=\"section\">\n\t\t\t\t\t\t<div class=\"elementor-container elementor-column-gap-default\">\n\t\t\t\t\t<div class=\"elementor-column elementor-col-100 elementor-top-column elementor-element elementor-element-93846f0\" data-id=\"93846f0\" data-element_type=\"column\">\n\t\t\t<div class=\"elementor-widget-wrap elementor-element-populated\">\n\t\t\t\t\t\t<div class=\"elementor-element elementor-element-0c1ac37 elementor-widget elementor-widget-text-editor\" data-id=\"0c1ac37\" data-element_type=\"widget\" data-widget_type=\"text-editor.default\">\n\t\t\t\t<div class=\"elementor-widget-container\">\n\t\t\t\t\t\t\t\t\t<p>Nodel\u00e6sning er vigtigt for dig af mange grunde: Du kan l\u00e6re andres musik ved at l\u00e6se noderne og ind\u00f8ve musikken i dit eget repetoire af numre, skala\u00f8velser, improvisationer etc. Du kan skrive dine egne ideer og musikstykker ned og p\u00e5 den m\u00e5de dele den med andre musikere.<\/p>\n<p>Nodel\u00e6sning er musikkens skriftsprog og stadig langt den letteste og mest udbredte m\u00e5de at formidle musik p\u00e5 mellem ud\u00f8vende musikere.<\/p>\n<p>Nodel\u00e6sning er ikke en mods\u00e6tning til et godt geh\u00f8r, men en invitation til at l\u00e6re nyt og til at fastholde dine musikalske ideer. Sammen med de gode \u00f8rer er nodel\u00e6sning vejen til at kunne spille mange slags musik i mange sammenh\u00e6nge.<\/p>\n<p>Forskellige instrumenter har forskellige udfordringer i forhold til nodel\u00e6sning og jo bedre du bliver til at l\u00e6se noder, jo bedre l\u00e6rer du dit instrument at kende.<\/p>\n<p>Nodel\u00e6sning kan enten v\u00e6re: Sekunda vista &#8211; noder du har set f\u00f8r og har haft tid til at forberede eller:&nbsp; &nbsp; &nbsp; &nbsp; &nbsp; &nbsp; &nbsp; &nbsp; &nbsp; &nbsp; &nbsp; &nbsp; &nbsp; &nbsp; &nbsp; &nbsp; &nbsp; &nbsp; &nbsp; &nbsp; &nbsp; &nbsp; &nbsp; &nbsp; &nbsp; &nbsp; &nbsp; &nbsp; &nbsp; &nbsp; &nbsp; &nbsp; &nbsp; &nbsp; &nbsp; &nbsp; &nbsp; &nbsp; &nbsp; &nbsp; &nbsp; &nbsp; &nbsp; &nbsp; &nbsp; &nbsp; &nbsp; &nbsp; &nbsp; &nbsp; &nbsp; Prima vista &#8211; noder du l\u00e6ser uforberedt og med det samme.<\/p>\n<p>Selvom den f\u00f8rste kategori er den mest almindelige, er prima vista en god disciplin at tr\u00e6ne, hvis du vil blive bedre. Den \u00f8jeblikkelige udf\u00f8relse af opgaven tvinger dine evner frem og du kan med det samme h\u00f8re om du har ramt rigtigt eller forkert.&nbsp;<\/p>\n<p>For al musik\u00f8velse g\u00e6lder det om at spille langsomt. Det g\u00e6lder om at finde sit niveau og arbejde p\u00e5 kanten af hvad man kan: Bliver det for sv\u00e6rt, kan man ikke l\u00f8se opgaven og bliver den for let, s\u00e5 l\u00e6rer man ingenting.&nbsp;<\/p>\n<p>Der er virkeligt mange parametre i nodel\u00e6sningen: Fortegn, pauser, registre, bi-linier, taktarter med meget mere.&nbsp;<\/p>\n<p>P\u00e5 www.nordalbrothers.dk har vi lavet en stor samling af opgaver, der starter med 3 toner og tager dig videre til et relativt avanceret niveau. Hvert afsnit eller kapitel indeholder en eller flere nye parametre, s\u00e5 du kan koncentrere dig om at l\u00e6re fx punkteringer i et helt kapitel. Vores opgaver best\u00e5r af en node, som du spiller til en musikopgave. P\u00e5 den m\u00e5de f\u00e5r du en fornemmelse af en rigtig musikalsk situation, du kan h\u00f8re hvis du ikke spiller rigtigt i forhold til backingmusikken og du bliver presset til at spille igennem opgaven.&nbsp;<\/p><p>Nodel\u00e6sning skal holdes ved lige og l\u00e6ser man ikke i l\u00e6ngere tid, skal man lige ned og have fat i sit niveau. Men ligesom at l\u00e6se bogstaver, er det en god evne at besidde og den \u00e5bner og udvider som sagt din musikalitet og dine evner som musiker.<\/p>\t\t\t\t\t\t\t\t<\/div>\n\t\t\t\t<\/div>\n\t\t\t\t\t<\/div>\n\t\t<\/div>\n\t\t\t\t\t<\/div>\n\t\t<\/section>\n\t\t\t\t<section class=\"elementor-section elementor-top-section elementor-element elementor-element-9a38a22 elementor-section-boxed elementor-section-height-default elementor-section-height-default\" data-id=\"9a38a22\" data-element_type=\"section\">\n\t\t\t\t\t\t<div class=\"elementor-container elementor-column-gap-default\">\n\t\t\t\t\t<div class=\"elementor-column elementor-col-100 elementor-top-column elementor-element elementor-element-ca0e2b7\" data-id=\"ca0e2b7\" data-element_type=\"column\">\n\t\t\t<div class=\"elementor-widget-wrap elementor-element-populated\">\n\t\t\t\t\t\t<div class=\"elementor-element elementor-element-20414ae elementor-widget elementor-widget-text-editor\" data-id=\"20414ae\" data-element_type=\"widget\" data-widget_type=\"text-editor.default\">\n\t\t\t\t<div class=\"elementor-widget-container\">\n\t\t\t\t\t\t\t\t\t<p style=\"text-align: center;\">Eksempler p\u00e5 nodel\u00e6sningsopgaver:<\/p>\t\t\t\t\t\t\t\t<\/div>\n\t\t\t\t<\/div>\n\t\t\t\t\t<\/div>\n\t\t<\/div>\n\t\t\t\t\t<\/div>\n\t\t<\/section>\n\t\t\t\t<section class=\"elementor-section elementor-top-section elementor-element elementor-element-349dcce elementor-section-boxed elementor-section-height-default elementor-section-height-default\" data-id=\"349dcce\" data-element_type=\"section\">\n\t\t\t\t\t\t<div class=\"elementor-container elementor-column-gap-default\">\n\t\t\t\t\t<div class=\"elementor-column elementor-col-33 elementor-top-column elementor-element elementor-element-aa456cb\" data-id=\"aa456cb\" data-element_type=\"column\">\n\t\t\t<div class=\"elementor-widget-wrap elementor-element-populated\">\n\t\t\t\t\t\t<div class=\"elementor-element elementor-element-cae944c elementor-widget elementor-widget-image\" data-id=\"cae944c\" data-element_type=\"widget\" data-widget_type=\"image.default\">\n\t\t\t\t<div class=\"elementor-widget-container\">\n\t\t\t\t\t\t\t\t\t\t\t\t\t\t\t\t<a href=\"https:\/\/jespernordal.dk\/wp-content\/uploads\/2021\/09\/Skaermbillede-2021-09-15-kl.-13.45.56.png\" data-elementor-open-lightbox=\"yes\" data-elementor-lightbox-title=\"Sk\u00e6rmbillede 2021-09-15 kl. 13.45.56\" data-e-action-hash=\"#elementor-action%3Aaction%3Dlightbox%26settings%3DeyJpZCI6MTExNDUsInVybCI6Imh0dHBzOlwvXC9qZXNwZXJub3JkYWwuZGtcL3dwLWNvbnRlbnRcL3VwbG9hZHNcLzIwMjFcLzA5XC9Ta2Flcm1iaWxsZWRlLTIwMjEtMDktMTUta2wuLTEzLjQ1LjU2LnBuZyJ9\">\n\t\t\t\t\t\t\t<img decoding=\"async\" width=\"1536\" height=\"373\" src=\"https:\/\/jespernordal.dk\/wp-content\/uploads\/2021\/09\/Skaermbillede-2021-09-15-kl.-13.45.56-1536x373.png\" class=\"attachment-1536x1536 size-1536x1536 wp-image-11145\" alt=\"\" srcset=\"https:\/\/jespernordal.dk\/wp-content\/uploads\/2021\/09\/Skaermbillede-2021-09-15-kl.-13.45.56-1536x373.png 1536w, https:\/\/jespernordal.dk\/wp-content\/uploads\/2021\/09\/Skaermbillede-2021-09-15-kl.-13.45.56-300x73.png 300w, https:\/\/jespernordal.dk\/wp-content\/uploads\/2021\/09\/Skaermbillede-2021-09-15-kl.-13.45.56-1024x249.png 1024w, https:\/\/jespernordal.dk\/wp-content\/uploads\/2021\/09\/Skaermbillede-2021-09-15-kl.-13.45.56-768x187.png 768w, https:\/\/jespernordal.dk\/wp-content\/uploads\/2021\/09\/Skaermbillede-2021-09-15-kl.-13.45.56-18x4.png 18w, https:\/\/jespernordal.dk\/wp-content\/uploads\/2021\/09\/Skaermbillede-2021-09-15-kl.-13.45.56.png 1802w\" sizes=\"(max-width: 1536px) 100vw, 1536px\" \/>\t\t\t\t\t\t\t\t<\/a>\n\t\t\t\t\t\t\t\t\t\t\t\t\t\t\t<\/div>\n\t\t\t\t<\/div>\n\t\t\t\t\t<\/div>\n\t\t<\/div>\n\t\t\t\t<div class=\"elementor-column elementor-col-33 elementor-top-column elementor-element elementor-element-674767f\" data-id=\"674767f\" data-element_type=\"column\">\n\t\t\t<div class=\"elementor-widget-wrap elementor-element-populated\">\n\t\t\t\t\t\t<div class=\"elementor-element elementor-element-f7e4de4 elementor-widget elementor-widget-image\" data-id=\"f7e4de4\" data-element_type=\"widget\" data-widget_type=\"image.default\">\n\t\t\t\t<div class=\"elementor-widget-container\">\n\t\t\t\t\t\t\t\t\t\t\t\t\t\t\t\t<a href=\"https:\/\/jespernordal.dk\/wp-content\/uploads\/2021\/09\/Skaermbillede-2021-09-15-kl.-13.46.26.png\" data-elementor-open-lightbox=\"yes\" data-elementor-lightbox-title=\"Sk\u00e6rmbillede 2021-09-15 kl. 13.46.26\" data-e-action-hash=\"#elementor-action%3Aaction%3Dlightbox%26settings%3DeyJpZCI6MTExNDYsInVybCI6Imh0dHBzOlwvXC9qZXNwZXJub3JkYWwuZGtcL3dwLWNvbnRlbnRcL3VwbG9hZHNcLzIwMjFcLzA5XC9Ta2Flcm1iaWxsZWRlLTIwMjEtMDktMTUta2wuLTEzLjQ2LjI2LnBuZyJ9\">\n\t\t\t\t\t\t\t<img decoding=\"async\" width=\"1536\" height=\"407\" src=\"https:\/\/jespernordal.dk\/wp-content\/uploads\/2021\/09\/Skaermbillede-2021-09-15-kl.-13.46.26-1536x407.png\" class=\"attachment-1536x1536 size-1536x1536 wp-image-11146\" alt=\"\" srcset=\"https:\/\/jespernordal.dk\/wp-content\/uploads\/2021\/09\/Skaermbillede-2021-09-15-kl.-13.46.26-1536x407.png 1536w, https:\/\/jespernordal.dk\/wp-content\/uploads\/2021\/09\/Skaermbillede-2021-09-15-kl.-13.46.26-300x80.png 300w, https:\/\/jespernordal.dk\/wp-content\/uploads\/2021\/09\/Skaermbillede-2021-09-15-kl.-13.46.26-1024x272.png 1024w, https:\/\/jespernordal.dk\/wp-content\/uploads\/2021\/09\/Skaermbillede-2021-09-15-kl.-13.46.26-768x204.png 768w, https:\/\/jespernordal.dk\/wp-content\/uploads\/2021\/09\/Skaermbillede-2021-09-15-kl.-13.46.26-18x5.png 18w, https:\/\/jespernordal.dk\/wp-content\/uploads\/2021\/09\/Skaermbillede-2021-09-15-kl.-13.46.26.png 1750w\" sizes=\"(max-width: 1536px) 100vw, 1536px\" \/>\t\t\t\t\t\t\t\t<\/a>\n\t\t\t\t\t\t\t\t\t\t\t\t\t\t\t<\/div>\n\t\t\t\t<\/div>\n\t\t\t\t\t<\/div>\n\t\t<\/div>\n\t\t\t\t<div class=\"elementor-column elementor-col-33 elementor-top-column elementor-element elementor-element-eefb824\" data-id=\"eefb824\" data-element_type=\"column\">\n\t\t\t<div class=\"elementor-widget-wrap elementor-element-populated\">\n\t\t\t\t\t\t<div class=\"elementor-element elementor-element-cf7aac2 elementor-widget elementor-widget-image\" data-id=\"cf7aac2\" data-element_type=\"widget\" data-widget_type=\"image.default\">\n\t\t\t\t<div class=\"elementor-widget-container\">\n\t\t\t\t\t\t\t\t\t\t\t\t\t\t\t\t<a href=\"https:\/\/jespernordal.dk\/wp-content\/uploads\/2021\/09\/Skaermbillede-2021-09-15-kl.-13.47.14.png\" data-elementor-open-lightbox=\"yes\" data-elementor-lightbox-title=\"Sk\u00e6rmbillede 2021-09-15 kl. 13.47.14\" data-e-action-hash=\"#elementor-action%3Aaction%3Dlightbox%26settings%3DeyJpZCI6MTExNDcsInVybCI6Imh0dHBzOlwvXC9qZXNwZXJub3JkYWwuZGtcL3dwLWNvbnRlbnRcL3VwbG9hZHNcLzIwMjFcLzA5XC9Ta2Flcm1iaWxsZWRlLTIwMjEtMDktMTUta2wuLTEzLjQ3LjE0LnBuZyJ9\">\n\t\t\t\t\t\t\t<img loading=\"lazy\" decoding=\"async\" width=\"1536\" height=\"419\" src=\"https:\/\/jespernordal.dk\/wp-content\/uploads\/2021\/09\/Skaermbillede-2021-09-15-kl.-13.47.14-1536x419.png\" class=\"attachment-1536x1536 size-1536x1536 wp-image-11147\" alt=\"\" srcset=\"https:\/\/jespernordal.dk\/wp-content\/uploads\/2021\/09\/Skaermbillede-2021-09-15-kl.-13.47.14-1536x419.png 1536w, https:\/\/jespernordal.dk\/wp-content\/uploads\/2021\/09\/Skaermbillede-2021-09-15-kl.-13.47.14-300x82.png 300w, https:\/\/jespernordal.dk\/wp-content\/uploads\/2021\/09\/Skaermbillede-2021-09-15-kl.-13.47.14-1024x280.png 1024w, https:\/\/jespernordal.dk\/wp-content\/uploads\/2021\/09\/Skaermbillede-2021-09-15-kl.-13.47.14-768x210.png 768w, https:\/\/jespernordal.dk\/wp-content\/uploads\/2021\/09\/Skaermbillede-2021-09-15-kl.-13.47.14-18x5.png 18w, https:\/\/jespernordal.dk\/wp-content\/uploads\/2021\/09\/Skaermbillede-2021-09-15-kl.-13.47.14.png 1802w\" sizes=\"(max-width: 1536px) 100vw, 1536px\" \/>\t\t\t\t\t\t\t\t<\/a>\n\t\t\t\t\t\t\t\t\t\t\t\t\t\t\t<\/div>\n\t\t\t\t<\/div>\n\t\t\t\t\t<\/div>\n\t\t<\/div>\n\t\t\t\t\t<\/div>\n\t\t<\/section>\n\t\t\t\t<\/div>","protected":false},"excerpt":{"rendered":"<p>Nodel\u00e6sning Nodel\u00e6sning er vigtigt for dig af mange grunde: Du kan l\u00e6re andres musik ved at l\u00e6se noderne og ind\u00f8ve musikken i dit eget repetoire af numre, skala\u00f8velser, improvisationer etc. Du kan skrive dine egne ideer og musikstykker ned og p\u00e5 den m\u00e5de dele den med andre musikere. Nodel\u00e6sning er musikkens skriftsprog og stadig langt [&hellip;]<\/p>","protected":false},"author":1,"featured_media":0,"parent":0,"menu_order":0,"comment_status":"closed","ping_status":"closed","template":"","meta":{"site-sidebar-layout":"no-sidebar","site-content-layout":"page-builder","ast-site-content-layout":"default","site-content-style":"default","site-sidebar-style":"default","ast-global-header-display":"","ast-banner-title-visibility":"","ast-main-header-display":"","ast-hfb-above-header-display":"","ast-hfb-below-header-display":"","ast-hfb-mobile-header-display":"","site-post-title":"disabled","ast-breadcrumbs-content":"","ast-featured-img":"disabled","footer-sml-layout":"","theme-transparent-header-meta":"default","adv-header-id-meta":"","stick-header-meta":"","header-above-stick-meta":"","header-main-stick-meta":"","header-below-stick-meta":"","astra-migrate-meta-layouts":"default","ast-page-background-enabled":"default","ast-page-background-meta":{"desktop":{"background-color":"","background-image":"","background-repeat":"repeat","background-position":"center center","background-size":"auto","background-attachment":"scroll","background-type":"","background-media":"","overlay-type":"","overlay-color":"","overlay-opacity":"","overlay-gradient":""},"tablet":{"background-color":"","background-image":"","background-repeat":"repeat","background-position":"center center","background-size":"auto","background-attachment":"scroll","background-type":"","background-media":"","overlay-type":"","overlay-color":"","overlay-opacity":"","overlay-gradient":""},"mobile":{"background-color":"","background-image":"","background-repeat":"repeat","background-position":"center center","background-size":"auto","background-attachment":"scroll","background-type":"","background-media":"","overlay-type":"","overlay-color":"","overlay-opacity":"","overlay-gradient":""}},"ast-content-background-meta":{"desktop":{"background-color":"var(--ast-global-color-5)","background-image":"","background-repeat":"repeat","background-position":"center center","background-size":"auto","background-attachment":"scroll","background-type":"","background-media":"","overlay-type":"","overlay-color":"","overlay-opacity":"","overlay-gradient":""},"tablet":{"background-color":"var(--ast-global-color-5)","background-image":"","background-repeat":"repeat","background-position":"center center","background-size":"auto","background-attachment":"scroll","background-type":"","background-media":"","overlay-type":"","overlay-color":"","overlay-opacity":"","overlay-gradient":""},"mobile":{"background-color":"var(--ast-global-color-5)","background-image":"","background-repeat":"repeat","background-position":"center center","background-size":"auto","background-attachment":"scroll","background-type":"","background-media":"","overlay-type":"","overlay-color":"","overlay-opacity":"","overlay-gradient":""}},"footnotes":""},"class_list":["post-11120","page","type-page","status-publish","hentry"],"_links":{"self":[{"href":"https:\/\/jespernordal.dk\/en\/wp-json\/wp\/v2\/pages\/11120","targetHints":{"allow":["GET"]}}],"collection":[{"href":"https:\/\/jespernordal.dk\/en\/wp-json\/wp\/v2\/pages"}],"about":[{"href":"https:\/\/jespernordal.dk\/en\/wp-json\/wp\/v2\/types\/page"}],"author":[{"embeddable":true,"href":"https:\/\/jespernordal.dk\/en\/wp-json\/wp\/v2\/users\/1"}],"replies":[{"embeddable":true,"href":"https:\/\/jespernordal.dk\/en\/wp-json\/wp\/v2\/comments?post=11120"}],"version-history":[{"count":25,"href":"https:\/\/jespernordal.dk\/en\/wp-json\/wp\/v2\/pages\/11120\/revisions"}],"predecessor-version":[{"id":11150,"href":"https:\/\/jespernordal.dk\/en\/wp-json\/wp\/v2\/pages\/11120\/revisions\/11150"}],"wp:attachment":[{"href":"https:\/\/jespernordal.dk\/en\/wp-json\/wp\/v2\/media?parent=11120"}],"curies":[{"name":"wp","href":"https:\/\/api.w.org\/{rel}","templated":true}]}}