{"id":11001,"date":"2021-08-18T11:07:20","date_gmt":"2021-08-18T11:07:20","guid":{"rendered":"https:\/\/jespernordal.dk\/?page_id=11001"},"modified":"2021-09-15T08:49:36","modified_gmt":"2021-09-15T08:49:36","slug":"numre","status":"publish","type":"page","link":"https:\/\/jespernordal.dk\/en\/numre\/","title":{"rendered":"Numre"},"content":{"rendered":"<div data-elementor-type=\"wp-page\" data-elementor-id=\"11001\" class=\"elementor elementor-11001\">\n\t\t\t\t\t\t<section class=\"elementor-section elementor-top-section elementor-element elementor-element-c07acdc elementor-section-boxed elementor-section-height-default elementor-section-height-default\" data-id=\"c07acdc\" data-element_type=\"section\">\n\t\t\t\t\t\t<div class=\"elementor-container elementor-column-gap-default\">\n\t\t\t\t\t<div class=\"elementor-column elementor-col-100 elementor-top-column elementor-element elementor-element-1b20ac6\" data-id=\"1b20ac6\" data-element_type=\"column\">\n\t\t\t<div class=\"elementor-widget-wrap elementor-element-populated\">\n\t\t\t\t\t\t<div class=\"elementor-element elementor-element-54de031 elementor-widget elementor-widget-heading\" data-id=\"54de031\" data-element_type=\"widget\" data-widget_type=\"heading.default\">\n\t\t\t\t<div class=\"elementor-widget-container\">\n\t\t\t\t\t<h2 class=\"elementor-heading-title elementor-size-default\">Numre<\/h2>\t\t\t\t<\/div>\n\t\t\t\t<\/div>\n\t\t\t\t\t<\/div>\n\t\t<\/div>\n\t\t\t\t\t<\/div>\n\t\t<\/section>\n\t\t\t\t<section class=\"elementor-section elementor-top-section elementor-element elementor-element-ae2621c elementor-section-boxed elementor-section-height-default elementor-section-height-default\" data-id=\"ae2621c\" data-element_type=\"section\">\n\t\t\t\t\t\t<div class=\"elementor-container elementor-column-gap-default\">\n\t\t\t\t\t<div class=\"elementor-column elementor-col-100 elementor-top-column elementor-element elementor-element-67425f3\" data-id=\"67425f3\" data-element_type=\"column\">\n\t\t\t<div class=\"elementor-widget-wrap elementor-element-populated\">\n\t\t\t\t\t\t<div class=\"elementor-element elementor-element-86fdac9 elementor-widget elementor-widget-image\" data-id=\"86fdac9\" data-element_type=\"widget\" data-widget_type=\"image.default\">\n\t\t\t\t<div class=\"elementor-widget-container\">\n\t\t\t\t\t\t\t\t\t\t\t\t\t\t\t<img fetchpriority=\"high\" decoding=\"async\" width=\"300\" height=\"604\" src=\"https:\/\/jespernordal.dk\/wp-content\/uploads\/2020\/11\/Art-1.jpg\" class=\"attachment-medium_large size-medium_large wp-image-9644\" alt=\"\" srcset=\"https:\/\/jespernordal.dk\/wp-content\/uploads\/2020\/11\/Art-1.jpg 300w, https:\/\/jespernordal.dk\/wp-content\/uploads\/2020\/11\/Art-1-149x300.jpg 149w, https:\/\/jespernordal.dk\/wp-content\/uploads\/2020\/11\/Art-1-6x12.jpg 6w\" sizes=\"(max-width: 300px) 100vw, 300px\" \/>\t\t\t\t\t\t\t\t\t\t\t\t\t\t\t<\/div>\n\t\t\t\t<\/div>\n\t\t\t\t\t<\/div>\n\t\t<\/div>\n\t\t\t\t\t<\/div>\n\t\t<\/section>\n\t\t\t\t<section class=\"elementor-section elementor-top-section elementor-element elementor-element-b95e480 elementor-section-boxed elementor-section-height-default elementor-section-height-default\" data-id=\"b95e480\" data-element_type=\"section\">\n\t\t\t\t\t\t<div class=\"elementor-container elementor-column-gap-default\">\n\t\t\t\t\t<div class=\"elementor-column elementor-col-100 elementor-top-column elementor-element elementor-element-1a37f88\" data-id=\"1a37f88\" data-element_type=\"column\">\n\t\t\t<div class=\"elementor-widget-wrap elementor-element-populated\">\n\t\t\t\t\t\t<div class=\"elementor-element elementor-element-e763708 elementor-widget elementor-widget-text-editor\" data-id=\"e763708\" data-element_type=\"widget\" data-widget_type=\"text-editor.default\">\n\t\t\t\t<div class=\"elementor-widget-container\">\n\t\t\t\t\t\t\t\t\t<p style=\"text-align: center;\"><strong>Numre &#8211; dit eget valg:<\/strong><\/p><p>Dette er den individuelle og personlige del af en optagelsespr\u00f8ve.<br \/>Det er afgjort den vigtigste del og d\u00e9n del du har mest kontrol over.\u00a0<\/p><p>Du skal typisk finde to numre, der har forskelligt udtryk og som samlet ikke m\u00e5 vare mere end 10 minutter alt inklusiv.<\/p><p>Der er forskellige vejledninger s\u00e5 v\u00e6r omhyggelig med at l\u00e6se p\u00e5 de enkelte institutioners hjemmeside om reglerne.<\/p><p>Typisk skal du spille med minimum en trio (dig selv inkluderet) og der skal v\u00e6re improvisation i \u00e9t eller begge numre.<\/p><p>Du kan eventuelt kontakte institutionen for at bede om hj\u00e6lp til akkompagnement, men det er absolut bedst, hvis du selv st\u00e5r for det. Det handler om et overordnet indtryk af dig som musiker og kunstner, og her spiller akkompagnementet en stor rolle. Du kan forme og styre udtrykket, og det personlige udtryk st\u00e5r st\u00e6rkest n\u00e5r du har gennemarbejdet det og m\u00f8der velforberedt. Desuden spiller nerv\u00f8sitet en rolle, og jo mere du har styr p\u00e5 dit materiale, jo mindre nerv\u00f8s beh\u00f8ver du at blive.<\/p><p>Start i god tid (fx et halvt \u00e5r f\u00f8r optagelsespr\u00f8ven) med at finde eller komponere en r\u00e6kke numre du vil bruge. langsomt vil du n\u00e6rme dig nogle favoritter og dem skal du s\u00e5 g\u00e5 i krig med: \u00d8v dem alene i lang tid, s\u00e5 du begynder at kunne dem udenad og afs\u00f8g de forskellige variationer og muligheder der er i numrene. Spil dem sammen med din gruppe i god tid, s\u00e5 I kan finde et samlet og f\u00e6lles udtryk.<\/p><p>Denne del af pr\u00f8ven skal v\u00e6re en fest! Ikke n\u00f8dvendigvis super udadvendt med lysshow og vindmaskiner, men spillet med n\u00e6rv\u00e6r og n\u00f8dvendighed. V\u00e6n dig til at spille ud mod nogen &#8211; s\u00e5 din musik for en retning, der peger ud mod lytteren.\u00a0<\/p><p>Overordnet er der ikke s\u00e5 mange regler for hvad numrene skal indeholde eller hvilken genre- eller stil det skal v\u00e6re i. V\u00e6lg noget musik, som DU syntes er godt og hvor du spiller godt. V\u00e6lg noget, der ikke er alt for sv\u00e6rt, men bliver det for let, skal du tilf\u00f8re meget fra din egen musikalitet. Det er altid godt at spille eget materiale, men det skal stadig lyde godt! Eller arrang\u00e9r andres numre p\u00e5 en ny og original m\u00e5de, der passer dig.<\/p>\t\t\t\t\t\t\t\t<\/div>\n\t\t\t\t<\/div>\n\t\t\t\t\t<\/div>\n\t\t<\/div>\n\t\t\t\t\t<\/div>\n\t\t<\/section>\n\t\t\t\t<section class=\"elementor-section elementor-top-section elementor-element elementor-element-072249d elementor-section-boxed elementor-section-height-default elementor-section-height-default\" data-id=\"072249d\" data-element_type=\"section\">\n\t\t\t\t\t\t<div class=\"elementor-container elementor-column-gap-default\">\n\t\t\t\t\t<div class=\"elementor-column elementor-col-100 elementor-top-column elementor-element elementor-element-3fa3060\" data-id=\"3fa3060\" data-element_type=\"column\">\n\t\t\t<div class=\"elementor-widget-wrap elementor-element-populated\">\n\t\t\t\t\t\t<div class=\"elementor-element elementor-element-1e60e64 elementor-widget elementor-widget-image\" data-id=\"1e60e64\" data-element_type=\"widget\" data-widget_type=\"image.default\">\n\t\t\t\t<div class=\"elementor-widget-container\">\n\t\t\t\t\t\t\t\t\t\t\t\t\t\t\t<img decoding=\"async\" width=\"240\" height=\"210\" src=\"https:\/\/jespernordal.dk\/wp-content\/uploads\/2021\/04\/guitar-sa-2-1-2.jpeg\" class=\"attachment-large size-large wp-image-10303\" alt=\"\" srcset=\"https:\/\/jespernordal.dk\/wp-content\/uploads\/2021\/04\/guitar-sa-2-1-2.jpeg 240w, https:\/\/jespernordal.dk\/wp-content\/uploads\/2021\/04\/guitar-sa-2-1-2-14x12.jpeg 14w\" sizes=\"(max-width: 240px) 100vw, 240px\" \/>\t\t\t\t\t\t\t\t\t\t\t\t\t\t\t<\/div>\n\t\t\t\t<\/div>\n\t\t\t\t\t<\/div>\n\t\t<\/div>\n\t\t\t\t\t<\/div>\n\t\t<\/section>\n\t\t\t\t<section class=\"elementor-section elementor-top-section elementor-element elementor-element-38444c7 elementor-section-boxed elementor-section-height-default elementor-section-height-default\" data-id=\"38444c7\" data-element_type=\"section\">\n\t\t\t\t\t\t<div class=\"elementor-container elementor-column-gap-default\">\n\t\t\t\t\t<div class=\"elementor-column elementor-col-100 elementor-top-column elementor-element elementor-element-5aa79da\" data-id=\"5aa79da\" data-element_type=\"column\">\n\t\t\t<div class=\"elementor-widget-wrap elementor-element-populated\">\n\t\t\t\t\t\t<div class=\"elementor-element elementor-element-c0342b4 elementor-widget elementor-widget-text-editor\" data-id=\"c0342b4\" data-element_type=\"widget\" data-widget_type=\"text-editor.default\">\n\t\t\t\t<div class=\"elementor-widget-container\">\n\t\t\t\t\t\t\t\t\t<p style=\"text-align: center;\"><strong>Numre &#8211; eksempler:<\/strong><\/p><p>Her f\u00f8lger en liste med numre der er blevet brugt af tidligere optagelsess\u00f8gende: Det er ment som inspiration og IKKE en garanti for at komme igennem pr\u00f8ven med et godt resultat. Overvej hvordan du viser dine evner i forhold til melodik, harmonik og rytmesans.<\/p>\t\t\t\t\t\t\t\t<\/div>\n\t\t\t\t<\/div>\n\t\t\t\t\t<\/div>\n\t\t<\/div>\n\t\t\t\t\t<\/div>\n\t\t<\/section>\n\t\t\t\t<section class=\"elementor-section elementor-top-section elementor-element elementor-element-c2769f2 elementor-section-boxed elementor-section-height-default elementor-section-height-default\" data-id=\"c2769f2\" data-element_type=\"section\">\n\t\t\t\t\t\t<div class=\"elementor-container elementor-column-gap-default\">\n\t\t\t\t\t<div class=\"elementor-column elementor-col-100 elementor-top-column elementor-element elementor-element-aa2db24\" data-id=\"aa2db24\" data-element_type=\"column\">\n\t\t\t<div class=\"elementor-widget-wrap elementor-element-populated\">\n\t\t\t\t\t\t<div class=\"elementor-element elementor-element-5e16f06 elementor-widget elementor-widget-text-editor\" data-id=\"5e16f06\" data-element_type=\"widget\" data-widget_type=\"text-editor.default\">\n\t\t\t\t<div class=\"elementor-widget-container\">\n\t\t\t\t\t\t\t\t\t<p><strong>Flower Power<\/strong> af John Scofield: Et nummer med mange akkorder og underforst\u00e5et rytmik. 3\/4 jazz vals med hyppige toneartsskift.<\/p><p><strong>Lay Lady Lay<\/strong> af Bob Dylan: Arrangeret om til instrumentalnummer hvor sang-temaet spilles som melodi og der improviseres over akkorderne. Meget inspireret af Bill Frisell\u00b4s mange Bod Dylan versioner\u00a0<\/p><p><strong>All the Things You Are<\/strong>: Jazzstandard arrangeret med fri rubato solo intro. Herefter almindelg trio version med soli og tema.<\/p><p><strong>Speak no Evil<\/strong> af Wayne Shorter: Arrangeret med en funky R\u00b4n`B feeling. B stykket om-arrangeret med f\u00e6rre akkorder.\u00a0<\/p><p><strong>Americana Boy<\/strong> af Mike Landau: Et guitarnummer med Hendrix elementer og en udvidet harmonik.\u00a0<\/p><p><b>Revelation <\/b>af Robben Ford: Instrumentalt gospel inspireret nummer med gode akkordprogressioner i blues stil.<\/p><p><b>Angel Eyes<\/b>: Jazzstandard. Kan spilles mere shuffle-blues agtigt.\u00a0<\/p><p>\u00a0<\/p>\t\t\t\t\t\t\t\t<\/div>\n\t\t\t\t<\/div>\n\t\t\t\t\t<\/div>\n\t\t<\/div>\n\t\t\t\t\t<\/div>\n\t\t<\/section>\n\t\t\t\t<\/div>","protected":false},"excerpt":{"rendered":"<p>Numre Numre &#8211; dit eget valg: Dette er den individuelle og personlige del af en optagelsespr\u00f8ve.Det er afgjort den vigtigste del og d\u00e9n del du har mest kontrol over.\u00a0 Du skal typisk finde to numre, der har forskelligt udtryk og som samlet ikke m\u00e5 vare mere end 10 minutter alt inklusiv. Der er forskellige vejledninger [&hellip;]<\/p>","protected":false},"author":1,"featured_media":0,"parent":0,"menu_order":0,"comment_status":"closed","ping_status":"closed","template":"","meta":{"site-sidebar-layout":"no-sidebar","site-content-layout":"page-builder","ast-site-content-layout":"default","site-content-style":"default","site-sidebar-style":"default","ast-global-header-display":"","ast-banner-title-visibility":"","ast-main-header-display":"","ast-hfb-above-header-display":"","ast-hfb-below-header-display":"","ast-hfb-mobile-header-display":"","site-post-title":"disabled","ast-breadcrumbs-content":"","ast-featured-img":"disabled","footer-sml-layout":"","theme-transparent-header-meta":"default","adv-header-id-meta":"","stick-header-meta":"","header-above-stick-meta":"","header-main-stick-meta":"","header-below-stick-meta":"","astra-migrate-meta-layouts":"default","ast-page-background-enabled":"default","ast-page-background-meta":{"desktop":{"background-color":"","background-image":"","background-repeat":"repeat","background-position":"center center","background-size":"auto","background-attachment":"scroll","background-type":"","background-media":"","overlay-type":"","overlay-color":"","overlay-opacity":"","overlay-gradient":""},"tablet":{"background-color":"","background-image":"","background-repeat":"repeat","background-position":"center center","background-size":"auto","background-attachment":"scroll","background-type":"","background-media":"","overlay-type":"","overlay-color":"","overlay-opacity":"","overlay-gradient":""},"mobile":{"background-color":"","background-image":"","background-repeat":"repeat","background-position":"center center","background-size":"auto","background-attachment":"scroll","background-type":"","background-media":"","overlay-type":"","overlay-color":"","overlay-opacity":"","overlay-gradient":""}},"ast-content-background-meta":{"desktop":{"background-color":"var(--ast-global-color-5)","background-image":"","background-repeat":"repeat","background-position":"center center","background-size":"auto","background-attachment":"scroll","background-type":"","background-media":"","overlay-type":"","overlay-color":"","overlay-opacity":"","overlay-gradient":""},"tablet":{"background-color":"var(--ast-global-color-5)","background-image":"","background-repeat":"repeat","background-position":"center center","background-size":"auto","background-attachment":"scroll","background-type":"","background-media":"","overlay-type":"","overlay-color":"","overlay-opacity":"","overlay-gradient":""},"mobile":{"background-color":"var(--ast-global-color-5)","background-image":"","background-repeat":"repeat","background-position":"center center","background-size":"auto","background-attachment":"scroll","background-type":"","background-media":"","overlay-type":"","overlay-color":"","overlay-opacity":"","overlay-gradient":""}},"footnotes":""},"class_list":["post-11001","page","type-page","status-publish","hentry"],"_links":{"self":[{"href":"https:\/\/jespernordal.dk\/en\/wp-json\/wp\/v2\/pages\/11001","targetHints":{"allow":["GET"]}}],"collection":[{"href":"https:\/\/jespernordal.dk\/en\/wp-json\/wp\/v2\/pages"}],"about":[{"href":"https:\/\/jespernordal.dk\/en\/wp-json\/wp\/v2\/types\/page"}],"author":[{"embeddable":true,"href":"https:\/\/jespernordal.dk\/en\/wp-json\/wp\/v2\/users\/1"}],"replies":[{"embeddable":true,"href":"https:\/\/jespernordal.dk\/en\/wp-json\/wp\/v2\/comments?post=11001"}],"version-history":[{"count":43,"href":"https:\/\/jespernordal.dk\/en\/wp-json\/wp\/v2\/pages\/11001\/revisions"}],"predecessor-version":[{"id":11077,"href":"https:\/\/jespernordal.dk\/en\/wp-json\/wp\/v2\/pages\/11001\/revisions\/11077"}],"wp:attachment":[{"href":"https:\/\/jespernordal.dk\/en\/wp-json\/wp\/v2\/media?parent=11001"}],"curies":[{"name":"wp","href":"https:\/\/api.w.org\/{rel}","templated":true}]}}