{"id":10685,"date":"2021-08-10T13:07:40","date_gmt":"2021-08-10T13:07:40","guid":{"rendered":"https:\/\/jespernordal.dk\/?page_id=10685"},"modified":"2021-09-15T09:00:45","modified_gmt":"2021-09-15T09:00:45","slug":"akkorder","status":"publish","type":"page","link":"https:\/\/jespernordal.dk\/en\/akkorder\/","title":{"rendered":"Akkorder"},"content":{"rendered":"<div data-elementor-type=\"wp-page\" data-elementor-id=\"10685\" class=\"elementor elementor-10685\">\n\t\t\t\t\t\t<section class=\"elementor-section elementor-top-section elementor-element elementor-element-534528a elementor-section-boxed elementor-section-height-default elementor-section-height-default\" data-id=\"534528a\" data-element_type=\"section\">\n\t\t\t\t\t\t<div class=\"elementor-container elementor-column-gap-default\">\n\t\t\t\t\t<div class=\"elementor-column elementor-col-100 elementor-top-column elementor-element elementor-element-9119fb1\" data-id=\"9119fb1\" data-element_type=\"column\">\n\t\t\t<div class=\"elementor-widget-wrap elementor-element-populated\">\n\t\t\t\t\t\t<div class=\"elementor-element elementor-element-e49c0a4 elementor-widget elementor-widget-heading\" data-id=\"e49c0a4\" data-element_type=\"widget\" data-widget_type=\"heading.default\">\n\t\t\t\t<div class=\"elementor-widget-container\">\n\t\t\t\t\t<h2 class=\"elementor-heading-title elementor-size-default\">Harmonisk sans: Akkorder<\/h2>\t\t\t\t<\/div>\n\t\t\t\t<\/div>\n\t\t\t\t\t<\/div>\n\t\t<\/div>\n\t\t\t\t\t<\/div>\n\t\t<\/section>\n\t\t\t\t<section class=\"elementor-section elementor-top-section elementor-element elementor-element-15f6b51 elementor-section-boxed elementor-section-height-default elementor-section-height-default\" data-id=\"15f6b51\" data-element_type=\"section\">\n\t\t\t\t\t\t<div class=\"elementor-container elementor-column-gap-default\">\n\t\t\t\t\t<div class=\"elementor-column elementor-col-100 elementor-top-column elementor-element elementor-element-1abbb8e\" data-id=\"1abbb8e\" data-element_type=\"column\">\n\t\t\t<div class=\"elementor-widget-wrap elementor-element-populated\">\n\t\t\t\t\t\t<div class=\"elementor-element elementor-element-2489a05 elementor-widget elementor-widget-text-editor\" data-id=\"2489a05\" data-element_type=\"widget\" data-widget_type=\"text-editor.default\">\n\t\t\t\t<div class=\"elementor-widget-container\">\n\t\t\t\t\t\t\t\t\t<p style=\"text-align: center;\"><strong><span style=\"font-size: 12pt;\" data-tt=\"{\">Harmonisk geh\u00f8r<\/span><\/strong><\/p><p style=\"text-align: center;\"><span data-tt=\"{\">Det harmoniske geh\u00f8r handler om at kunne sanse og orientere sig i akkorderne.<br \/><\/span><\/p><p><span style=\"font-size: 15px;\">Det starter med, at man l\u00e6rer at h\u00f8re forskel p\u00e5 akkordtyper.<br \/><\/span><span style=\"font-size: 15px;\">Her kan man l\u00e6re de teoretiske regler for akkordopbygning og fx synge tertsopbyggede 4-klange.<br \/><\/span><\/p><p><span style=\"font-size: 15px;\">Ogs\u00e5 et mere abstrakt geh\u00f8r er gavnligt, s\u00e5 man opfatter fx en maj7-akkord som et subjektivt udtryk: Mange syntes at -maj7 akkorden har noget l\u00e6kkert, s\u00f8dt og uskyldigt over sig. Men du skal finde dine egne referencer og associationer.<br \/><\/span><\/p><p><span style=\"font-size: 15px;\">Der er ikke s\u00e5 meget musik der som harmonisk fundament kun har \u00e9n akkord. Derfor er det vigtigt at kunne h\u00f8re akkordforl\u00f8b. En -maj7 akkord kan lyde helt anderledes end f\u00f8rn\u00e6vnt i forskellige sammenh\u00e6nge: Cmaj7-Fmaj7 har netop denne, lidt s\u00f8de karakteristik, hvorimod Cmaj7-Ebmaj7 har en anden lyd over sig.<br \/><\/span><span style=\"font-size: 15px;\">Da n\u00e6sten al musik best\u00e5r af akkordkombinationer der er h\u00f8rt f\u00f8r, er det en god ide, at l\u00e6re at genkende dem: F\u00f8rst og fremmest er der den tonale kadence: 1.4. og 5. trins akkorderne i en toneart fx C,F og G7 i tonearten C-dur.<br \/><\/span><span style=\"font-size: 15px;\">Denne vending er s\u00e5 udbredt i al vestlig musik, at det er en god ide, at l\u00e6re at h\u00f8re den instinktivt og uden at skulle aktivere v\u00e6rkstedsprocesserne &#8211; at finde bastoner, synge akkordopbygninger mm.<\/span><\/p><p><span data-tt=\"{\">Geh\u00f8rsimprovisation er en fantastisk disciplin til at l\u00e6re at h\u00f8re akkordene i musikken, man spiller over og til at opbygge \u00e9ns harmoniske geh\u00f8r.<br \/><\/span><span style=\"font-size: 15px;\">Spil over forskellige \u00e9n-akkords musikstykker for at l\u00e6re at finde grund- og trintoner der passer til akkorden og for at l\u00e6re klangen at kende.<br \/><\/span><span style=\"font-size: 15px;\">Spil bagefter over musikstykker med flere akkorder.<br \/><\/span><span style=\"font-size: 15px;\">Lyt gerne til musik uden at spille og l\u00e6g m\u00e6rke til hvordan du begynder at kunne genkende harmoniske vendinger uden at skulle l\u00e6se dem fra noder eller becifringer.<br \/><\/span><\/p><p><span data-tt=\"{\">I \u00f8velsen spiller jeg f\u00f8rst over \u00e9n akkord, som jeg fors\u00f8ger at dechifrere ved at spille solo henover akkompagnementet. S\u00e5 kommer der to akkorder som jeg g\u00f8r det samme med.<br \/><\/span><span style=\"font-size: 15px;\">Herfra kan man spille over l\u00e6ngere forl\u00f8b eller andre kombinationer.<br \/><\/span><span style=\"font-size: 15px;\">V\u00e6n dig til at h\u00f8re disse harmoniske forl\u00f8b. Og ligesom en god h\u00e5ndv\u00e6rker ser detaljer i et godt udf\u00f8rt stykke arbejde, h\u00f8rer og analyserer du hele tiden harmonierne i den musik du lytter p\u00e5 i radioen og i d\u00e9n musik du spiller.<\/span><\/p>\t\t\t\t\t\t\t\t<\/div>\n\t\t\t\t<\/div>\n\t\t\t\t\t<\/div>\n\t\t<\/div>\n\t\t\t\t\t<\/div>\n\t\t<\/section>\n\t\t\t\t<section class=\"elementor-section elementor-top-section elementor-element elementor-element-f08b492 elementor-section-boxed elementor-section-height-default elementor-section-height-default\" data-id=\"f08b492\" data-element_type=\"section\">\n\t\t\t\t\t\t<div class=\"elementor-container elementor-column-gap-default\">\n\t\t\t\t\t<div class=\"elementor-column elementor-col-100 elementor-top-column elementor-element elementor-element-a5b3d62\" data-id=\"a5b3d62\" data-element_type=\"column\">\n\t\t\t<div class=\"elementor-widget-wrap elementor-element-populated\">\n\t\t\t\t\t\t<div class=\"elementor-element elementor-element-2cfb3ef elementor-widget elementor-widget-video\" data-id=\"2cfb3ef\" data-element_type=\"widget\" data-settings=\"{&quot;youtube_url&quot;:&quot;https:\\\/\\\/youtu.be\\\/orPlRD2NL5U&quot;,&quot;video_type&quot;:&quot;youtube&quot;,&quot;controls&quot;:&quot;yes&quot;}\" data-widget_type=\"video.default\">\n\t\t\t\t<div class=\"elementor-widget-container\">\n\t\t\t\t\t\t\t<div class=\"elementor-wrapper elementor-open-inline\">\n\t\t\t<div class=\"elementor-video\"><\/div>\t\t<\/div>\n\t\t\t\t\t\t<\/div>\n\t\t\t\t<\/div>\n\t\t\t\t\t<\/div>\n\t\t<\/div>\n\t\t\t\t\t<\/div>\n\t\t<\/section>\n\t\t\t\t<section class=\"elementor-section elementor-top-section elementor-element elementor-element-76dcebb elementor-section-boxed elementor-section-height-default elementor-section-height-default\" data-id=\"76dcebb\" data-element_type=\"section\">\n\t\t\t\t\t\t<div class=\"elementor-container elementor-column-gap-default\">\n\t\t\t\t\t<div class=\"elementor-column elementor-col-100 elementor-top-column elementor-element elementor-element-7ca4730\" data-id=\"7ca4730\" data-element_type=\"column\">\n\t\t\t<div class=\"elementor-widget-wrap elementor-element-populated\">\n\t\t\t\t\t\t<div class=\"elementor-element elementor-element-55eddab elementor-widget elementor-widget-text-editor\" data-id=\"55eddab\" data-element_type=\"widget\" data-widget_type=\"text-editor.default\">\n\t\t\t\t<div class=\"elementor-widget-container\">\n\t\t\t\t\t\t\t\t\t<p><!--[if lt IE 9]><script>document.createElement('audio');<\/script><![endif]-->\n\t<div class=\"wp-playlist wp-audio-playlist wp-playlist-light\">\n\t\t\t<div class=\"wp-playlist-current-item\"><\/div>\n\t\t<audio controls=\"controls\" preload=\"none\" width=\"640\"\n\t\t\t><\/audio>\n\t<div class=\"wp-playlist-next\"><\/div>\n\t<div class=\"wp-playlist-prev\"><\/div>\n\t<noscript>\n\t<ol>\n\t\t<li><a href='https:\/\/jespernordal.dk\/wp-content\/uploads\/2020\/12\/Harmonisk-gehoer-backing.mp3'>Harmonisk geh\u00f8r backing<\/a><\/li>\t<\/ol>\n\t<\/noscript>\n\t<script type=\"application\/json\" class=\"wp-playlist-script\">{\"type\":\"audio\",\"tracklist\":true,\"tracknumbers\":true,\"images\":false,\"artists\":false,\"tracks\":[{\"src\":\"https:\\\/\\\/jespernordal.dk\\\/wp-content\\\/uploads\\\/2020\\\/12\\\/Harmonisk-gehoer-backing.mp3\",\"type\":\"audio\\\/mpeg\",\"title\":\"Harmonisk geh\\u00f8r backing\",\"caption\":\"\",\"description\":\"\\\"Harmonisk geh\\u00f8r backing\\\".\",\"meta\":{\"length_formatted\":\"0:58\"},\"image\":{\"src\":\"https:\\\/\\\/jespernordal.dk\\\/wp-includes\\\/images\\\/media\\\/audio.svg\",\"width\":48,\"height\":64},\"thumb\":{\"src\":\"https:\\\/\\\/jespernordal.dk\\\/wp-includes\\\/images\\\/media\\\/audio.svg\",\"width\":48,\"height\":64}}]}<\/script>\n<\/div>\n\t<\/p>\t\t\t\t\t\t\t\t<\/div>\n\t\t\t\t<\/div>\n\t\t\t\t\t<\/div>\n\t\t<\/div>\n\t\t\t\t\t<\/div>\n\t\t<\/section>\n\t\t\t\t<section class=\"elementor-section elementor-top-section elementor-element elementor-element-71e5a72 elementor-section-boxed elementor-section-height-default elementor-section-height-default\" data-id=\"71e5a72\" data-element_type=\"section\">\n\t\t\t\t\t\t<div class=\"elementor-container elementor-column-gap-default\">\n\t\t\t\t\t<div class=\"elementor-column elementor-col-100 elementor-top-column elementor-element elementor-element-583b44d\" data-id=\"583b44d\" data-element_type=\"column\">\n\t\t\t<div class=\"elementor-widget-wrap elementor-element-populated\">\n\t\t\t\t\t\t<div class=\"elementor-element elementor-element-44ab52d elementor-widget elementor-widget-text-editor\" data-id=\"44ab52d\" data-element_type=\"widget\" data-widget_type=\"text-editor.default\">\n\t\t\t\t<div class=\"elementor-widget-container\">\n\t\t\t\t\t\t\t\t\t<p><span style=\"font-family: verdana, geneva;\">P\u00e5 <a href=\"http:\/\/www.nordalbrothers.dk\">www.nordalbrothers.dk <\/a>har vi et stort afsnit med akkorder: Det starter med \u00f8velser med \u00e9n akkord ad gangen. S\u00e5 kommer \u00f8velser med den tonale kadance og akkordvendinger med andre akkorder. Sidst kan du tr\u00e6ne at spille over- og h\u00f8re modulationer.\u00a0<\/span><\/p>\t\t\t\t\t\t\t\t<\/div>\n\t\t\t\t<\/div>\n\t\t\t\t\t<\/div>\n\t\t<\/div>\n\t\t\t\t\t<\/div>\n\t\t<\/section>\n\t\t\t\t<\/div>","protected":false},"excerpt":{"rendered":"<p>Harmonisk sans: Akkorder Harmonisk geh\u00f8r Det harmoniske geh\u00f8r handler om at kunne sanse og orientere sig i akkorderne. Det starter med, at man l\u00e6rer at h\u00f8re forskel p\u00e5 akkordtyper.Her kan man l\u00e6re de teoretiske regler for akkordopbygning og fx synge tertsopbyggede 4-klange. Ogs\u00e5 et mere abstrakt geh\u00f8r er gavnligt, s\u00e5 man opfatter fx en maj7-akkord [&hellip;]<\/p>","protected":false},"author":1,"featured_media":0,"parent":0,"menu_order":0,"comment_status":"closed","ping_status":"closed","template":"","meta":{"site-sidebar-layout":"no-sidebar","site-content-layout":"page-builder","ast-site-content-layout":"default","site-content-style":"default","site-sidebar-style":"default","ast-global-header-display":"","ast-banner-title-visibility":"","ast-main-header-display":"","ast-hfb-above-header-display":"","ast-hfb-below-header-display":"","ast-hfb-mobile-header-display":"","site-post-title":"disabled","ast-breadcrumbs-content":"","ast-featured-img":"disabled","footer-sml-layout":"","theme-transparent-header-meta":"default","adv-header-id-meta":"","stick-header-meta":"","header-above-stick-meta":"","header-main-stick-meta":"","header-below-stick-meta":"","astra-migrate-meta-layouts":"default","ast-page-background-enabled":"default","ast-page-background-meta":{"desktop":{"background-color":"","background-image":"","background-repeat":"repeat","background-position":"center center","background-size":"auto","background-attachment":"scroll","background-type":"","background-media":"","overlay-type":"","overlay-color":"","overlay-opacity":"","overlay-gradient":""},"tablet":{"background-color":"","background-image":"","background-repeat":"repeat","background-position":"center center","background-size":"auto","background-attachment":"scroll","background-type":"","background-media":"","overlay-type":"","overlay-color":"","overlay-opacity":"","overlay-gradient":""},"mobile":{"background-color":"","background-image":"","background-repeat":"repeat","background-position":"center center","background-size":"auto","background-attachment":"scroll","background-type":"","background-media":"","overlay-type":"","overlay-color":"","overlay-opacity":"","overlay-gradient":""}},"ast-content-background-meta":{"desktop":{"background-color":"var(--ast-global-color-5)","background-image":"","background-repeat":"repeat","background-position":"center center","background-size":"auto","background-attachment":"scroll","background-type":"","background-media":"","overlay-type":"","overlay-color":"","overlay-opacity":"","overlay-gradient":""},"tablet":{"background-color":"var(--ast-global-color-5)","background-image":"","background-repeat":"repeat","background-position":"center center","background-size":"auto","background-attachment":"scroll","background-type":"","background-media":"","overlay-type":"","overlay-color":"","overlay-opacity":"","overlay-gradient":""},"mobile":{"background-color":"var(--ast-global-color-5)","background-image":"","background-repeat":"repeat","background-position":"center center","background-size":"auto","background-attachment":"scroll","background-type":"","background-media":"","overlay-type":"","overlay-color":"","overlay-opacity":"","overlay-gradient":""}},"footnotes":""},"class_list":["post-10685","page","type-page","status-publish","hentry"],"_links":{"self":[{"href":"https:\/\/jespernordal.dk\/en\/wp-json\/wp\/v2\/pages\/10685","targetHints":{"allow":["GET"]}}],"collection":[{"href":"https:\/\/jespernordal.dk\/en\/wp-json\/wp\/v2\/pages"}],"about":[{"href":"https:\/\/jespernordal.dk\/en\/wp-json\/wp\/v2\/types\/page"}],"author":[{"embeddable":true,"href":"https:\/\/jespernordal.dk\/en\/wp-json\/wp\/v2\/users\/1"}],"replies":[{"embeddable":true,"href":"https:\/\/jespernordal.dk\/en\/wp-json\/wp\/v2\/comments?post=10685"}],"version-history":[{"count":58,"href":"https:\/\/jespernordal.dk\/en\/wp-json\/wp\/v2\/pages\/10685\/revisions"}],"predecessor-version":[{"id":11119,"href":"https:\/\/jespernordal.dk\/en\/wp-json\/wp\/v2\/pages\/10685\/revisions\/11119"}],"wp:attachment":[{"href":"https:\/\/jespernordal.dk\/en\/wp-json\/wp\/v2\/media?parent=10685"}],"curies":[{"name":"wp","href":"https:\/\/api.w.org\/{rel}","templated":true}]}}