{"id":10597,"date":"2021-08-10T12:27:22","date_gmt":"2021-08-10T12:27:22","guid":{"rendered":"https:\/\/jespernordal.dk\/?page_id=10597"},"modified":"2021-09-15T08:57:01","modified_gmt":"2021-09-15T08:57:01","slug":"rytmer","status":"publish","type":"page","link":"https:\/\/jespernordal.dk\/en\/rytmer\/","title":{"rendered":"Rytmer:"},"content":{"rendered":"<div data-elementor-type=\"wp-page\" data-elementor-id=\"10597\" class=\"elementor elementor-10597\">\n\t\t\t\t\t\t<section class=\"elementor-section elementor-top-section elementor-element elementor-element-d57f870 elementor-section-boxed elementor-section-height-default elementor-section-height-default\" data-id=\"d57f870\" data-element_type=\"section\">\n\t\t\t\t\t\t<div class=\"elementor-container elementor-column-gap-default\">\n\t\t\t\t\t<div class=\"elementor-column elementor-col-100 elementor-top-column elementor-element elementor-element-bf5efee\" data-id=\"bf5efee\" data-element_type=\"column\">\n\t\t\t<div class=\"elementor-widget-wrap elementor-element-populated\">\n\t\t\t\t\t\t<div class=\"elementor-element elementor-element-b15fc1b elementor-widget elementor-widget-heading\" data-id=\"b15fc1b\" data-element_type=\"widget\" data-widget_type=\"heading.default\">\n\t\t\t\t<div class=\"elementor-widget-container\">\n\t\t\t\t\t<h2 class=\"elementor-heading-title elementor-size-default\">Rytmer:<\/h2>\t\t\t\t<\/div>\n\t\t\t\t<\/div>\n\t\t\t\t\t<\/div>\n\t\t<\/div>\n\t\t\t\t\t<\/div>\n\t\t<\/section>\n\t\t\t\t<section class=\"elementor-section elementor-top-section elementor-element elementor-element-9429bf5 elementor-section-boxed elementor-section-height-default elementor-section-height-default\" data-id=\"9429bf5\" data-element_type=\"section\">\n\t\t\t\t\t\t<div class=\"elementor-container elementor-column-gap-default\">\n\t\t\t\t\t<div class=\"elementor-column elementor-col-100 elementor-top-column elementor-element elementor-element-280ea82\" data-id=\"280ea82\" data-element_type=\"column\">\n\t\t\t<div class=\"elementor-widget-wrap elementor-element-populated\">\n\t\t\t\t\t\t<div class=\"elementor-element elementor-element-5a442dc elementor-widget elementor-widget-image\" data-id=\"5a442dc\" data-element_type=\"widget\" data-widget_type=\"image.default\">\n\t\t\t\t<div class=\"elementor-widget-container\">\n\t\t\t\t\t\t\t\t\t\t\t\t\t\t\t<img fetchpriority=\"high\" decoding=\"async\" width=\"291\" height=\"183\" src=\"https:\/\/jespernordal.dk\/wp-content\/uploads\/2021\/08\/Jazzdrums-lille.jpg\" class=\"attachment-large size-large wp-image-10658\" alt=\"\" srcset=\"https:\/\/jespernordal.dk\/wp-content\/uploads\/2021\/08\/Jazzdrums-lille.jpg 291w, https:\/\/jespernordal.dk\/wp-content\/uploads\/2021\/08\/Jazzdrums-lille-18x12.jpg 18w\" sizes=\"(max-width: 291px) 100vw, 291px\" \/>\t\t\t\t\t\t\t\t\t\t\t\t\t\t\t<\/div>\n\t\t\t\t<\/div>\n\t\t\t\t\t<\/div>\n\t\t<\/div>\n\t\t\t\t\t<\/div>\n\t\t<\/section>\n\t\t\t\t<section class=\"elementor-section elementor-top-section elementor-element elementor-element-e31ce7d elementor-section-boxed elementor-section-height-default elementor-section-height-default\" data-id=\"e31ce7d\" data-element_type=\"section\">\n\t\t\t\t\t\t<div class=\"elementor-container elementor-column-gap-default\">\n\t\t\t\t\t<div class=\"elementor-column elementor-col-100 elementor-top-column elementor-element elementor-element-e18c2f0\" data-id=\"e18c2f0\" data-element_type=\"column\">\n\t\t\t<div class=\"elementor-widget-wrap elementor-element-populated\">\n\t\t\t\t\t\t<div class=\"elementor-element elementor-element-1058702 elementor-widget elementor-widget-text-editor\" data-id=\"1058702\" data-element_type=\"widget\" data-widget_type=\"text-editor.default\">\n\t\t\t\t<div class=\"elementor-widget-container\">\n\t\t\t\t\t\t\t\t\t<p style=\"text-align: center;\"><b>Optagelsespr\u00f8ver: Rytmer, rytmesans, time og feeling.<\/b><\/p><p style=\"text-align: center;\">At swinge godt!<\/p><p class=\"p3\">Vores sprog omkring de musikalske evner er desv\u00e6rre tit sv\u00e6rt at g\u00f8re h\u00e5ndgribeligt og ligefremt. Vi fors\u00f8ger at sprogligg\u00f8re begreber som swing, sammenspil, intensitet, n\u00e6rv\u00e6r og udtryk. Det er meget flygtige og luftige begreber, der ofte mavelander tungt, n\u00e5r vi vil udtrykke os skarpt og defineret.<\/p><p class=\"p3\">N\u00e5r ens evner for\u00f8ges og ambitionsniveauet stiger, bliver \u00f8velserne og m\u00e5lene ogs\u00e5 mere diffuse og ukonkrete. Det er ikke s\u00e5 sv\u00e6rt og uoverskueligt, at l\u00e6re at t\u00e6lle til 4 igennem et stykke musik. Hvorimod d\u00e9t at l\u00e6gge godt tilbage p\u00e5 beatet og spille nogle swingende bluesy fraser er langt mere komplekst at forholde sig til.<br \/><span style=\"font-size: 15px;\">Man skal fokusere p\u00e5 sm\u00e5 opn\u00e5elige delm\u00e5l som man med megen t\u00e5lmodighed s\u00e6tter sammen og som over tid, giver gevinst i en \u00f8get musikalitet.<\/span><\/p><p class=\"p1\">Et parameter man f.eks. vil kigge p\u00e5 til en optagelsespr\u00f8ve, kunne v\u00e6re rytmefornemmelse:<\/p><p class=\"p1\">Det er naturligvis \u00e9t af de helt centrale begreber i rytmisk musik. Det er tit vigtigere hvordan \u00e9ns rytmesans er udviklet i forhold til sv\u00e6rhedsgraden af \u00e9ns fraser eller din viden om akkord\/skala relationer. De store kunstnere ber\u00f8rer os ofte fordi deres rytmesans er sublim.<\/p><p class=\"p1\">Min erfaring er, at det er en evne der, efter lang tids spil og efter m\u00e5lrettede \u00f8velser, indfinder sig i det stille: Pludselig kan man m\u00e6rke en 4 takters periode i knoglerne uden at have tampet l\u00f8s med f\u00f8dderne, mens man krampagtigt t\u00e6ller til 4 fire gange. Eller man kan jamme med nogle ligesindende og f\u00f8le, at man er i &#8220;the pocket&#8221; hvor man er f\u00e6lles om underdelingerne og groovet flyder let. S\u00e5 er man desv\u00e6rre tit lidt arrogant over for evnen, da den f\u00f8les som en indre musikalitet, og man har glemt hvordan det var ikke at have denne evne.<\/p><p class=\"p1\">Man kan etablere en \u00f8veplan med \u00f8velser i underdelinger, med backingmusik hvor man selv skal holde rytmen i fx 4 takter, med at arbejde med metronom p\u00e5 2&amp;4 -slagene eller p\u00e5 offbeat. Se filmen herunder.<br \/><span style=\"font-size: 15px;\">Det er notorisk en evne der bliver bedre ved at spille musik i alle mulige stilarter, tempi, taktarter, men processen kan speedes betragteligt op ved at m\u00e5lrette arbejdet.<\/span><span style=\"font-size: 15px;\">Og s\u00e5 kan man overs\u00e6tte det lidt fluffy udsagn \u201cDit solo spil er virkeligt velfraseret og swingende\u201d med: \u201cDu forholder dig aktivt og bevidst til underdelingerne og varierer startpunkterne i dine fraser, s\u00e5 de ikke alle starter p\u00e5 1\u00b4slaget\u201d<\/span><\/p><p class=\"p1\"><span style=\"font-size: 15px;\">&#8220;Pause\u00f8velsen&#8221; &#8211; er en god \u00f8velse til at f\u00e5 konkretiseret og tydeliggjort noget af d\u00e9t det handler om. Du spiller til et backingtrack i 2 eller 4 takter efterfulgt af 2 eller 4 takter hvor du selv skal holde styr p\u00e5 underdelinger. Du kan alts\u00e5 ikke h\u00e6nge din hat p\u00e5 trommeslagerens knage, men du m\u00e5 selv tage ansvar for hvor du er henne i takterne. M\u00e6ngden af takter kan for\u00f8ges, og det bliver naturligvis sv\u00e6rere og sv\u00e6rere jo l\u00e6ngere perioden bliver.\u00a0<\/span><\/p>\t\t\t\t\t\t\t\t<\/div>\n\t\t\t\t<\/div>\n\t\t\t\t\t<\/div>\n\t\t<\/div>\n\t\t\t\t\t<\/div>\n\t\t<\/section>\n\t\t\t\t<section class=\"elementor-section elementor-top-section elementor-element elementor-element-cac8039 elementor-section-boxed elementor-section-height-default elementor-section-height-default\" data-id=\"cac8039\" data-element_type=\"section\">\n\t\t\t\t\t\t<div class=\"elementor-container elementor-column-gap-default\">\n\t\t\t\t\t<div class=\"elementor-column elementor-col-100 elementor-top-column elementor-element elementor-element-261dc04\" data-id=\"261dc04\" data-element_type=\"column\">\n\t\t\t<div class=\"elementor-widget-wrap elementor-element-populated\">\n\t\t\t\t\t\t<div class=\"elementor-element elementor-element-fe6e514 elementor-widget elementor-widget-text-editor\" data-id=\"fe6e514\" data-element_type=\"widget\" data-widget_type=\"text-editor.default\">\n\t\t\t\t<div class=\"elementor-widget-container\">\n\t\t\t\t\t\t\t\t\t<p style=\"text-align: center;\"><span style=\"color: #000000;\">Herunder kan du se \u00f8velsen med pauser:<\/span><\/p>\t\t\t\t\t\t\t\t<\/div>\n\t\t\t\t<\/div>\n\t\t\t\t\t<\/div>\n\t\t<\/div>\n\t\t\t\t\t<\/div>\n\t\t<\/section>\n\t\t\t\t<section class=\"elementor-section elementor-top-section elementor-element elementor-element-8abaacd elementor-section-boxed elementor-section-height-default elementor-section-height-default\" data-id=\"8abaacd\" data-element_type=\"section\">\n\t\t\t\t\t\t<div class=\"elementor-container elementor-column-gap-default\">\n\t\t\t\t\t<div class=\"elementor-column elementor-col-100 elementor-top-column elementor-element elementor-element-56e045b\" data-id=\"56e045b\" data-element_type=\"column\">\n\t\t\t<div class=\"elementor-widget-wrap elementor-element-populated\">\n\t\t\t\t\t\t<div class=\"elementor-element elementor-element-8772feb elementor-widget elementor-widget-video\" data-id=\"8772feb\" data-element_type=\"widget\" data-settings=\"{&quot;youtube_url&quot;:&quot;https:\\\/\\\/youtu.be\\\/BZQOHYmkTu4&quot;,&quot;video_type&quot;:&quot;youtube&quot;,&quot;controls&quot;:&quot;yes&quot;}\" data-widget_type=\"video.default\">\n\t\t\t\t<div class=\"elementor-widget-container\">\n\t\t\t\t\t\t\t<div class=\"elementor-wrapper elementor-open-inline\">\n\t\t\t<div class=\"elementor-video\"><\/div>\t\t<\/div>\n\t\t\t\t\t\t<\/div>\n\t\t\t\t<\/div>\n\t\t\t\t\t<\/div>\n\t\t<\/div>\n\t\t\t\t\t<\/div>\n\t\t<\/section>\n\t\t\t\t<section class=\"elementor-section elementor-top-section elementor-element elementor-element-f6850f5 elementor-section-boxed elementor-section-height-default elementor-section-height-default\" data-id=\"f6850f5\" data-element_type=\"section\">\n\t\t\t\t\t\t<div class=\"elementor-container elementor-column-gap-default\">\n\t\t\t\t\t<div class=\"elementor-column elementor-col-100 elementor-top-column elementor-element elementor-element-76d4aae\" data-id=\"76d4aae\" data-element_type=\"column\">\n\t\t\t<div class=\"elementor-widget-wrap elementor-element-populated\">\n\t\t\t\t\t\t<div class=\"elementor-element elementor-element-550b35a elementor-widget elementor-widget-text-editor\" data-id=\"550b35a\" data-element_type=\"widget\" data-widget_type=\"text-editor.default\">\n\t\t\t\t<div class=\"elementor-widget-container\">\n\t\t\t\t\t\t\t\t\t<p><!--[if lt IE 9]><script>document.createElement('audio');<\/script><![endif]-->\n\t<div class=\"wp-playlist wp-audio-playlist wp-playlist-light\">\n\t\t\t<div class=\"wp-playlist-current-item\"><\/div>\n\t\t<audio controls=\"controls\" preload=\"none\" width=\"640\"\n\t\t\t><\/audio>\n\t<div class=\"wp-playlist-next\"><\/div>\n\t<div class=\"wp-playlist-prev\"><\/div>\n\t<noscript>\n\t<ol>\n\t\t<li><a href='https:\/\/jespernordal.dk\/wp-content\/uploads\/2020\/11\/Pauseoevelse-track.mp3'>Pause\u00f8velse track<\/a><\/li>\t<\/ol>\n\t<\/noscript>\n\t<script type=\"application\/json\" class=\"wp-playlist-script\">{\"type\":\"audio\",\"tracklist\":true,\"tracknumbers\":true,\"images\":false,\"artists\":false,\"tracks\":[{\"src\":\"https:\\\/\\\/jespernordal.dk\\\/wp-content\\\/uploads\\\/2020\\\/11\\\/Pauseoevelse-track.mp3\",\"type\":\"audio\\\/mpeg\",\"title\":\"Pause\\u00f8velse track\",\"caption\":\"\",\"description\":\"\\\"Pause\\u00f8velse track\\\".\",\"meta\":{\"length_formatted\":\"1:11\"},\"image\":{\"src\":\"https:\\\/\\\/jespernordal.dk\\\/wp-includes\\\/images\\\/media\\\/audio.svg\",\"width\":48,\"height\":64},\"thumb\":{\"src\":\"https:\\\/\\\/jespernordal.dk\\\/wp-includes\\\/images\\\/media\\\/audio.svg\",\"width\":48,\"height\":64}}]}<\/script>\n<\/div>\n\t<\/p>\t\t\t\t\t\t\t\t<\/div>\n\t\t\t\t<\/div>\n\t\t\t\t\t<\/div>\n\t\t<\/div>\n\t\t\t\t\t<\/div>\n\t\t<\/section>\n\t\t\t\t<section class=\"elementor-section elementor-top-section elementor-element elementor-element-5d5068f elementor-section-boxed elementor-section-height-default elementor-section-height-default\" data-id=\"5d5068f\" data-element_type=\"section\">\n\t\t\t\t\t\t<div class=\"elementor-container elementor-column-gap-default\">\n\t\t\t\t\t<div class=\"elementor-column elementor-col-100 elementor-top-column elementor-element elementor-element-dccf269\" data-id=\"dccf269\" data-element_type=\"column\">\n\t\t\t<div class=\"elementor-widget-wrap elementor-element-populated\">\n\t\t\t\t\t\t<div class=\"elementor-element elementor-element-e1db5cc elementor-widget elementor-widget-text-editor\" data-id=\"e1db5cc\" data-element_type=\"widget\" data-widget_type=\"text-editor.default\">\n\t\t\t\t<div class=\"elementor-widget-container\">\n\t\t\t\t\t\t\t\t\t<p style=\"text-align: center;\">Metronom:<\/p>\t\t\t\t\t\t\t\t<\/div>\n\t\t\t\t<\/div>\n\t\t\t\t\t<\/div>\n\t\t<\/div>\n\t\t\t\t\t<\/div>\n\t\t<\/section>\n\t\t\t\t<section class=\"elementor-section elementor-top-section elementor-element elementor-element-e985409 elementor-section-boxed elementor-section-height-default elementor-section-height-default\" data-id=\"e985409\" data-element_type=\"section\">\n\t\t\t\t\t\t<div class=\"elementor-container elementor-column-gap-default\">\n\t\t\t\t\t<div class=\"elementor-column elementor-col-100 elementor-top-column elementor-element elementor-element-ceba8d5\" data-id=\"ceba8d5\" data-element_type=\"column\">\n\t\t\t<div class=\"elementor-widget-wrap elementor-element-populated\">\n\t\t\t\t\t\t<div class=\"elementor-element elementor-element-6491ce8 elementor-widget elementor-widget-text-editor\" data-id=\"6491ce8\" data-element_type=\"widget\" data-widget_type=\"text-editor.default\">\n\t\t\t\t<div class=\"elementor-widget-container\">\n\t\t\t\t\t\t\t\t\t<p class=\"p3\">Herunder f\u00f8lger nogle eksempler p\u00e5 hvordan du kan komme endnu t\u00e6ttere p\u00e5 god rytmesans ved at arbejde m\u00e5lrettet med din metronom.<\/p><p class=\"p3\">Backingtracks: St\u00f8tte eller krykker?<\/p><p>Der er ingen tvivl om, at det er sjovere og mere realistisk, at \u00f8ve til god backingmusik. Det hele lyder n\u00e6sten ligesom n\u00e5r man spiller \u201crigtigt\u201d i et band elller lignende.<br \/>Det er der ikke noget galt med, s\u00e5 l\u00e6nge man er klar over, at en del af de musikalske parametre bliver passet af backingmusikken: At musikken ikke stiger eller falder i tempo, at akkorderne skifter p\u00e5 de rigtige steder etc.<br \/>Derfor oplever man tit, at d\u00e9t man har \u00f8vet sig p\u00e5, derhjemme til tracks er meget sv\u00e6rere at spille i virkeligheden, for d\u00e9r skal man mestre det hele uden st\u00f8tte eller stillads.\u00a0<\/p><p class=\"p3\">S\u00f8rg derfor for altid ogs\u00e5, at \u00f8ve uden tracks og gerne i en musikalsk situation hvor andre medvirker &#8211; det er altid sjovere at spille sammen.<br \/>Det er en god ide, der fjerner dig lidt fra de trygge backingtracks, at arbejde intenst med din metronom.<\/p><p class=\"p3\">\u00d8velse #1: Hyppigheden af metronomslagene s\u00e6nkes:<\/p><p class=\"p3\">Spil i fx tempo 100 &#8211; spil skala\u00f8velser, figurer, improvisationer mm med metronomen p\u00e5 alle 4 slag i en 4\/4-dels takt.<br \/>S\u00e6nk metronom tempoet til 50 men spil i samme tempo som f\u00f8r- nu er metronomslagene kun p\u00e5 1- og 3 slagene.<br \/>S\u00e6nk tempoet til tempo 25 &#8211; nu er metronomslaget kun p\u00e5 1-slaget<br \/>S\u00e6nk tempoet til 12,5 (12 eller 13) &#8211; nu er metronomslagene kun p\u00e5 1 slaget i hveranden takt.<\/p><p class=\"p3\">Det er vigtigt at du fors\u00f8ger at ramme 1 slaget samtidigt med metronomslaget for at tjekke om du har holdt tempoet.<br \/>Det er en \u00f8velse hvor man virkeligt kommer til at m\u00e6rke, og forholde sig til sin egen rytmesans. Her skal man selv tage ansvar for periodel\u00e6ngden og have styr p\u00e5 underdelingerne.<\/p><p class=\"p3\">\u00d8velse #2<\/p><p class=\"p3\">Samme \u00f8velse: metronomen p\u00e5 tempo 50 men nu rykker vi metronomslagene 1 fjerdedel s\u00e5 slagene bliver p\u00e5 2 &#8211; og 4 slaget stedet for 1 og 3. Det swinger bedre.<br \/>Fors\u00f8g ogs\u00e5 at rykke metronomslagene 1\/8 s\u00e5 den ligger p\u00e5 off-beat.<\/p><p class=\"p3\">Alt sammen \u00f8velser der giver dig en god grounding, periodefornemmelse og f\u00e5r tr\u00e6net og bevidstgjort underdelingerne.<br \/><span style=\"font-size: 16px;\">Det er vigtigt ikke at fortabe sig i store improvisationer, hvor du glemmer fokus p\u00e5 rytmerne, men derimod at spille kontrollerede fraser eller skala\u00f8velser. N\u00e5r du bliver bedre til det, kan du lukke mere og mere op for dine improvisationer.<\/span><\/p><p class=\"p3\">Herunder kan du se \u00f8velsen med metronomen:<\/p>\t\t\t\t\t\t\t\t<\/div>\n\t\t\t\t<\/div>\n\t\t\t\t\t<\/div>\n\t\t<\/div>\n\t\t\t\t\t<\/div>\n\t\t<\/section>\n\t\t\t\t<section class=\"elementor-section elementor-top-section elementor-element elementor-element-088ef28 elementor-section-boxed elementor-section-height-default elementor-section-height-default\" data-id=\"088ef28\" data-element_type=\"section\">\n\t\t\t\t\t\t<div class=\"elementor-container elementor-column-gap-default\">\n\t\t\t\t\t<div class=\"elementor-column elementor-col-100 elementor-top-column elementor-element elementor-element-145c4e6\" data-id=\"145c4e6\" data-element_type=\"column\">\n\t\t\t<div class=\"elementor-widget-wrap elementor-element-populated\">\n\t\t\t\t\t\t<div class=\"elementor-element elementor-element-7283eed elementor-widget elementor-widget-video\" data-id=\"7283eed\" data-element_type=\"widget\" data-settings=\"{&quot;youtube_url&quot;:&quot;https:\\\/\\\/youtu.be\\\/8vQV0B04Ff8&quot;,&quot;video_type&quot;:&quot;youtube&quot;,&quot;controls&quot;:&quot;yes&quot;}\" data-widget_type=\"video.default\">\n\t\t\t\t<div class=\"elementor-widget-container\">\n\t\t\t\t\t\t\t<div class=\"elementor-wrapper elementor-open-inline\">\n\t\t\t<div class=\"elementor-video\"><\/div>\t\t<\/div>\n\t\t\t\t\t\t<\/div>\n\t\t\t\t<\/div>\n\t\t\t\t\t<\/div>\n\t\t<\/div>\n\t\t\t\t\t<\/div>\n\t\t<\/section>\n\t\t\t\t<section class=\"elementor-section elementor-top-section elementor-element elementor-element-c78ca5a elementor-section-boxed elementor-section-height-default elementor-section-height-default\" data-id=\"c78ca5a\" data-element_type=\"section\">\n\t\t\t\t\t\t<div class=\"elementor-container elementor-column-gap-default\">\n\t\t\t\t\t<div class=\"elementor-column elementor-col-100 elementor-top-column elementor-element elementor-element-50538d2\" data-id=\"50538d2\" data-element_type=\"column\">\n\t\t\t<div class=\"elementor-widget-wrap elementor-element-populated\">\n\t\t\t\t\t\t<div class=\"elementor-element elementor-element-0ef0093 elementor-widget elementor-widget-text-editor\" data-id=\"0ef0093\" data-element_type=\"widget\" data-widget_type=\"text-editor.default\">\n\t\t\t\t<div class=\"elementor-widget-container\">\n\t\t\t\t\t\t\t\t\t<p>P\u00e5 <a href=\"http:\/\/www.nordalbrothers.dk\">www.nordalbrothers.dk<\/a>\u00a0har vi et helt afsnit med rytmisk imitation. Her kan du l\u00e6re underdelingerne at kende, ved at gentage en forespillet frase\/rytme. Det kr\u00e6ver, at du l\u00e6rer 8\u00b4dele, trioler, 16\u00b4dele mm at kende. Det er fundamentet for at kunne forst\u00e5 de rytmiske parametre og for at f\u00e5 dem implementeret i dit spil.<\/p>\t\t\t\t\t\t\t\t<\/div>\n\t\t\t\t<\/div>\n\t\t\t\t\t<\/div>\n\t\t<\/div>\n\t\t\t\t\t<\/div>\n\t\t<\/section>\n\t\t\t\t<\/div>","protected":false},"excerpt":{"rendered":"<p>Rytmer: Optagelsespr\u00f8ver: Rytmer, rytmesans, time og feeling. At swinge godt! Vores sprog omkring de musikalske evner er desv\u00e6rre tit sv\u00e6rt at g\u00f8re h\u00e5ndgribeligt og ligefremt. Vi fors\u00f8ger at sprogligg\u00f8re begreber som swing, sammenspil, intensitet, n\u00e6rv\u00e6r og udtryk. Det er meget flygtige og luftige begreber, der ofte mavelander tungt, n\u00e5r vi vil udtrykke os skarpt og [&hellip;]<\/p>","protected":false},"author":1,"featured_media":0,"parent":0,"menu_order":0,"comment_status":"closed","ping_status":"closed","template":"","meta":{"site-sidebar-layout":"no-sidebar","site-content-layout":"page-builder","ast-site-content-layout":"default","site-content-style":"default","site-sidebar-style":"default","ast-global-header-display":"","ast-banner-title-visibility":"","ast-main-header-display":"","ast-hfb-above-header-display":"","ast-hfb-below-header-display":"","ast-hfb-mobile-header-display":"","site-post-title":"disabled","ast-breadcrumbs-content":"","ast-featured-img":"disabled","footer-sml-layout":"","theme-transparent-header-meta":"default","adv-header-id-meta":"","stick-header-meta":"","header-above-stick-meta":"","header-main-stick-meta":"","header-below-stick-meta":"","astra-migrate-meta-layouts":"default","ast-page-background-enabled":"default","ast-page-background-meta":{"desktop":{"background-color":"","background-image":"","background-repeat":"repeat","background-position":"center center","background-size":"auto","background-attachment":"scroll","background-type":"","background-media":"","overlay-type":"","overlay-color":"","overlay-opacity":"","overlay-gradient":""},"tablet":{"background-color":"","background-image":"","background-repeat":"repeat","background-position":"center center","background-size":"auto","background-attachment":"scroll","background-type":"","background-media":"","overlay-type":"","overlay-color":"","overlay-opacity":"","overlay-gradient":""},"mobile":{"background-color":"","background-image":"","background-repeat":"repeat","background-position":"center center","background-size":"auto","background-attachment":"scroll","background-type":"","background-media":"","overlay-type":"","overlay-color":"","overlay-opacity":"","overlay-gradient":""}},"ast-content-background-meta":{"desktop":{"background-color":"var(--ast-global-color-5)","background-image":"","background-repeat":"repeat","background-position":"center center","background-size":"auto","background-attachment":"scroll","background-type":"","background-media":"","overlay-type":"","overlay-color":"","overlay-opacity":"","overlay-gradient":""},"tablet":{"background-color":"var(--ast-global-color-5)","background-image":"","background-repeat":"repeat","background-position":"center center","background-size":"auto","background-attachment":"scroll","background-type":"","background-media":"","overlay-type":"","overlay-color":"","overlay-opacity":"","overlay-gradient":""},"mobile":{"background-color":"var(--ast-global-color-5)","background-image":"","background-repeat":"repeat","background-position":"center center","background-size":"auto","background-attachment":"scroll","background-type":"","background-media":"","overlay-type":"","overlay-color":"","overlay-opacity":"","overlay-gradient":""}},"footnotes":""},"class_list":["post-10597","page","type-page","status-publish","hentry"],"_links":{"self":[{"href":"https:\/\/jespernordal.dk\/en\/wp-json\/wp\/v2\/pages\/10597","targetHints":{"allow":["GET"]}}],"collection":[{"href":"https:\/\/jespernordal.dk\/en\/wp-json\/wp\/v2\/pages"}],"about":[{"href":"https:\/\/jespernordal.dk\/en\/wp-json\/wp\/v2\/types\/page"}],"author":[{"embeddable":true,"href":"https:\/\/jespernordal.dk\/en\/wp-json\/wp\/v2\/users\/1"}],"replies":[{"embeddable":true,"href":"https:\/\/jespernordal.dk\/en\/wp-json\/wp\/v2\/comments?post=10597"}],"version-history":[{"count":109,"href":"https:\/\/jespernordal.dk\/en\/wp-json\/wp\/v2\/pages\/10597\/revisions"}],"predecessor-version":[{"id":11107,"href":"https:\/\/jespernordal.dk\/en\/wp-json\/wp\/v2\/pages\/10597\/revisions\/11107"}],"wp:attachment":[{"href":"https:\/\/jespernordal.dk\/en\/wp-json\/wp\/v2\/media?parent=10597"}],"curies":[{"name":"wp","href":"https:\/\/api.w.org\/{rel}","templated":true}]}}